{"id":10068,"date":"2025-07-29T14:24:27","date_gmt":"2025-07-29T14:24:27","guid":{"rendered":"https:\/\/klava-innovation.com\/?page_id=10068"},"modified":"2025-08-20T10:31:40","modified_gmt":"2025-08-20T10:31:40","slug":"blog","status":"publish","type":"page","link":"https:\/\/klava-innovation.com\/en\/blog\/","title":{"rendered":"Blog"},"content":{"rendered":"<div class=\"wp-block-cover alignfull is-light\" style=\"margin-bottom:var(--wp--preset--spacing--50);padding-bottom:0;min-height:200px;aspect-ratio:unset;\"><span aria-hidden=\"true\" class=\"wp-block-cover__background has-secondary-background-color has-background-dim-100 has-background-dim\"><\/span><div class=\"wp-block-cover__inner-container has-global-padding is-layout-constrained wp-block-cover-is-layout-constrained\">\n<div class=\"wp-block-stackable-heading stk-block-heading stk-block-heading--v2 stk-block stk-048ed42\" id=\"blog\" data-block-id=\"048ed42\"><style>.stk-048ed42 .stk-block-heading__text{color:#545454 !important;}<\/style><h2 class=\"stk-block-heading__text has-text-color\">Blog<\/h2><\/div>\n<\/div><\/div>\n\n\n\n<div class=\"wp-block-stackable-posts alignfull stk-block-posts has-text-align-left stk--has-container stk-block stk-95cf046 is-style-list\" data-v=\"2\" data-block-id=\"95cf046\"><style>.stk-95cf046 {--stk-columns:1 !important;--stk-column-gap:20px !important;align-items:center !important;display:flex !important;}.stk-95cf046-container .stk-button{background:#def4f7 !important;}.stk-95cf046 .stk-block-posts__title{margin-bottom:10px !important;}.stk-95cf046 .stk-block-posts__category{margin-bottom:10px !important;}.stk-95cf046 .stk-block-posts__excerpt{margin-bottom:10px !important;}.stk-95cf046 .stk-block-posts__meta{margin-bottom:10px !important;font-size:14px !important;}.stk-95cf046 .stk-block-posts__readmore{margin-bottom:10px !important;font-size:16px !important;}.stk-95cf046 .stk-container-padding{width:65% !important;}.stk-95cf046-container{background-color:#ffffff !important;border-top-left-radius:10px !important;border-top-right-radius:10px !important;border-bottom-right-radius:10px !important;border-bottom-left-radius:10px !important;overflow:hidden !important;box-shadow:0px 5px 30px -10px #59c7d6 !important;}.stk-95cf046-container:before{background-color:#ffffff !important;}.stk-95cf046 .stk-img-wrapper,  .stk-95cf046-container .stk-block-posts__image-link{flex-basis:35% !important;height:240px !important;}.stk-95cf046 .stk-block-posts__title a{font-size:20px !important;}.stk-95cf046 .stk-block-posts__category, .stk-95cf046 .stk-block-posts__category a .stk-button__inner-text{font-size:16px !important;font-weight:500 !important;}.stk-95cf046 .stk-block-posts__excerpt p{font-size:16px !important;}@media screen and (max-width: 1023px){.stk-95cf046 .stk-block-posts__title a{font-size:20px !important;}.stk-95cf046 .stk-block-posts__category, .stk-95cf046 .stk-block-posts__category a .stk-button__inner-text{font-size:16px !important;}.stk-95cf046 .stk-block-posts__excerpt p{font-size:16px !important;}.stk-95cf046 .stk-block-posts__meta{font-size:14px !important;}.stk-95cf046 .stk-block-posts__readmore{font-size:16px !important;}}@media screen and (max-width: 767px){.stk-95cf046 {margin-top:10px !important;margin-right:10px !important;margin-bottom:10px !important;margin-left:10px !important;}.stk-95cf046 .stk-block-posts__excerpt p{font-size:16px !important;}}<\/style><div class=\"stk-inner-blocks stk-content-align stk-95cf046-column alignwide\"><div class=\"stk-block-posts__items\"><div class=\"stk-block-posts__item\"><div class=\"stk-container stk-95cf046-container stk-hover-parent\"><a href=\"https:\/\/klava-innovation.com\/en\/affrontez-les-fetes-de-fin-dannee-sans-fumer-les-cles-pour-une-periode-festive-sans-rechute\/\" class=\"stk-block-posts__image-link\"><figure class=\"stk-img-wrapper stk-image--shape-stretch\"><img decoding=\"async\" width=\"2560\" height=\"1707\" data-src=\"https:\/\/klava-innovation.com\/wp-content\/uploads\/2023\/12\/pexels-nicole-michalou-5779170-scaled.jpg\" class=\"attachment-full size-full wp-post-image lazyload\" alt=\"\" data-srcset=\"https:\/\/klava-innovation.com\/wp-content\/uploads\/2023\/12\/pexels-nicole-michalou-5779170-scaled.jpg 2560w, https:\/\/klava-innovation.com\/wp-content\/uploads\/2023\/12\/pexels-nicole-michalou-5779170-300x200.jpg 300w, https:\/\/klava-innovation.com\/wp-content\/uploads\/2023\/12\/pexels-nicole-michalou-5779170-1024x683.jpg 1024w, https:\/\/klava-innovation.com\/wp-content\/uploads\/2023\/12\/pexels-nicole-michalou-5779170-768x512.jpg 768w, https:\/\/klava-innovation.com\/wp-content\/uploads\/2023\/12\/pexels-nicole-michalou-5779170-1536x1024.jpg 1536w, https:\/\/klava-innovation.com\/wp-content\/uploads\/2023\/12\/pexels-nicole-michalou-5779170-2048x1365.jpg 2048w, https:\/\/klava-innovation.com\/wp-content\/uploads\/2023\/12\/pexels-nicole-michalou-5779170-18x12.jpg 18w, https:\/\/klava-innovation.com\/wp-content\/uploads\/2023\/12\/pexels-nicole-michalou-5779170-900x600.jpg 900w\" data-sizes=\"(max-width: 2560px) 100vw, 2560px\" src=\"data:image\/svg+xml;base64,PHN2ZyB3aWR0aD0iMSIgaGVpZ2h0PSIxIiB4bWxucz0iaHR0cDovL3d3dy53My5vcmcvMjAwMC9zdmciPjwvc3ZnPg==\" style=\"--smush-placeholder-width: 2560px; --smush-placeholder-aspect-ratio: 2560\/1707;\" \/><\/figure><\/a><article class=\"stk-container-padding\"><h4 class=\"stk-block-posts__title\"><a href='https:\/\/klava-innovation.com\/en\/affrontez-les-fetes-de-fin-dannee-sans-fumer-les-cles-pour-une-periode-festive-sans-rechute\/'>Enjoy the holidays without tobacco: Keys to a festive season without relapse<\/a><\/h4><aside class=\"stk-block-posts__meta stk-subtitle\"><span>Klava Innovation<\/span><\/aside><div class=\"stk-block-posts__category stk-subtitle\"><a class=\"stk-button\" href=\"https:\/\/klava-innovation.com\/en\/category\/news-and-articles\/\" rel=\"category tag\"><span class=\"stk-button__inner-text\">News<\/span><\/a><\/div><div class=\"stk-block-posts__excerpt\"><p>As the new year approaches, the hope of making good resolutions returns, but\u2026<\/p>\n<\/div><a class=\"stk-block-posts__readmore\" href=\"https:\/\/klava-innovation.com\/en\/affrontez-les-fetes-de-fin-dannee-sans-fumer-les-cles-pour-une-periode-festive-sans-rechute\/\">Continue Reading<\/a><\/article><\/div><\/div><div class=\"stk-block-posts__item\"><div class=\"stk-container stk-95cf046-container stk-hover-parent\"><a href=\"https:\/\/klava-innovation.com\/en\/la-pair-aidance-une-approche-empathique-et-humaine-pour-arreter-de-fumer\/\" class=\"stk-block-posts__image-link\"><figure class=\"stk-img-wrapper stk-image--shape-stretch\"><img decoding=\"async\" width=\"1600\" height=\"1280\" data-src=\"https:\/\/klava-innovation.com\/wp-content\/uploads\/2023\/09\/Image-article-pair-aidance.jpeg\" class=\"attachment-full size-full wp-post-image lazyload\" alt=\"\" data-srcset=\"https:\/\/klava-innovation.com\/wp-content\/uploads\/2023\/09\/Image-article-pair-aidance.jpeg 1600w, https:\/\/klava-innovation.com\/wp-content\/uploads\/2023\/09\/Image-article-pair-aidance-300x240.jpeg 300w, https:\/\/klava-innovation.com\/wp-content\/uploads\/2023\/09\/Image-article-pair-aidance-1024x819.jpeg 1024w, https:\/\/klava-innovation.com\/wp-content\/uploads\/2023\/09\/Image-article-pair-aidance-768x614.jpeg 768w, https:\/\/klava-innovation.com\/wp-content\/uploads\/2023\/09\/Image-article-pair-aidance-1536x1229.jpeg 1536w, https:\/\/klava-innovation.com\/wp-content\/uploads\/2023\/09\/Image-article-pair-aidance-15x12.jpeg 15w\" data-sizes=\"(max-width: 1600px) 100vw, 1600px\" src=\"data:image\/svg+xml;base64,PHN2ZyB3aWR0aD0iMSIgaGVpZ2h0PSIxIiB4bWxucz0iaHR0cDovL3d3dy53My5vcmcvMjAwMC9zdmciPjwvc3ZnPg==\" style=\"--smush-placeholder-width: 1600px; --smush-placeholder-aspect-ratio: 1600\/1280;\" \/><\/figure><\/a><article class=\"stk-container-padding\"><h4 class=\"stk-block-posts__title\"><a href='https:\/\/klava-innovation.com\/en\/la-pair-aidance-une-approche-empathique-et-humaine-pour-arreter-de-fumer\/'>Peer support: an empathetic and humane approach to smoking cessation<\/a><\/h4><aside class=\"stk-block-posts__meta stk-subtitle\"><span>Klava Innovation<\/span><\/aside><div class=\"stk-block-posts__category stk-subtitle\"><a class=\"stk-button\" href=\"https:\/\/klava-innovation.com\/en\/category\/news-and-articles\/\" rel=\"category tag\"><span class=\"stk-button__inner-text\">News<\/span><\/a><\/div><div class=\"stk-block-posts__excerpt\"><p>Despite political commitment to combating tobacco, 16 Million\u2026<\/p>\n<\/div><a class=\"stk-block-posts__readmore\" href=\"https:\/\/klava-innovation.com\/en\/la-pair-aidance-une-approche-empathique-et-humaine-pour-arreter-de-fumer\/\">Continue Reading<\/a><\/article><\/div><\/div><div class=\"stk-block-posts__item\"><div class=\"stk-container stk-95cf046-container stk-hover-parent\"><a href=\"https:\/\/klava-innovation.com\/en\/mental-du-sportif-un-etat-desprit-a-adopter-pour-vaincre-sa-dependance-au-tabac\/\" class=\"stk-block-posts__image-link\"><figure class=\"stk-img-wrapper stk-image--shape-stretch\"><img decoding=\"async\" width=\"297\" height=\"201\" data-src=\"https:\/\/klava-innovation.com\/wp-content\/uploads\/2023\/06\/Jean_Damien_Dehoux-2.jpg\" class=\"attachment-full size-full wp-post-image lazyload\" alt=\"\" data-srcset=\"https:\/\/klava-innovation.com\/wp-content\/uploads\/2023\/06\/Jean_Damien_Dehoux-2.jpg 297w, https:\/\/klava-innovation.com\/wp-content\/uploads\/2023\/06\/Jean_Damien_Dehoux-2-18x12.jpg 18w\" data-sizes=\"(max-width: 297px) 100vw, 297px\" src=\"data:image\/svg+xml;base64,PHN2ZyB3aWR0aD0iMSIgaGVpZ2h0PSIxIiB4bWxucz0iaHR0cDovL3d3dy53My5vcmcvMjAwMC9zdmciPjwvc3ZnPg==\" style=\"--smush-placeholder-width: 297px; --smush-placeholder-aspect-ratio: 297\/201;\" \/><\/figure><\/a><article class=\"stk-container-padding\"><h4 class=\"stk-block-posts__title\"><a href='https:\/\/klava-innovation.com\/en\/mental-du-sportif-un-etat-desprit-a-adopter-pour-vaincre-sa-dependance-au-tabac\/'>The athlete's mindset: the key to overcoming tobacco addiction<\/a><\/h4><aside class=\"stk-block-posts__meta stk-subtitle\"><span>Klava Innovation<\/span><\/aside><div class=\"stk-block-posts__category stk-subtitle\"><a class=\"stk-button\" href=\"https:\/\/klava-innovation.com\/en\/category\/psychologie\/\" rel=\"category tag\"><span class=\"stk-button__inner-text\">Psychology<\/span><\/a>, <a class=\"stk-button\" href=\"https:\/\/klava-innovation.com\/en\/category\/sante\/\" rel=\"category tag\"><span class=\"stk-button__inner-text\">Health<\/span><\/a><\/div><div class=\"stk-block-posts__excerpt\"><p>Being a high-level athlete requires much more than excellent physical condition. Preparation\u2026<\/p>\n<\/div><a class=\"stk-block-posts__readmore\" href=\"https:\/\/klava-innovation.com\/en\/mental-du-sportif-un-etat-desprit-a-adopter-pour-vaincre-sa-dependance-au-tabac\/\">Continue Reading<\/a><\/article><\/div><\/div><div class=\"stk-block-posts__item\"><div class=\"stk-container stk-95cf046-container stk-hover-parent\"><a href=\"https:\/\/klava-innovation.com\/en\/quest-ce-que-la-puff\/\" class=\"stk-block-posts__image-link\"><figure class=\"stk-img-wrapper stk-image--shape-stretch\"><img decoding=\"async\" width=\"1600\" height=\"1064\" data-src=\"https:\/\/klava-innovation.com\/wp-content\/uploads\/2023\/05\/puff.jpg\" class=\"attachment-full size-full wp-post-image lazyload\" alt=\"\" data-srcset=\"https:\/\/klava-innovation.com\/wp-content\/uploads\/2023\/05\/puff.jpg 1600w, https:\/\/klava-innovation.com\/wp-content\/uploads\/2023\/05\/puff-300x200.jpg 300w, https:\/\/klava-innovation.com\/wp-content\/uploads\/2023\/05\/puff-1024x681.jpg 1024w, https:\/\/klava-innovation.com\/wp-content\/uploads\/2023\/05\/puff-768x511.jpg 768w, https:\/\/klava-innovation.com\/wp-content\/uploads\/2023\/05\/puff-1536x1021.jpg 1536w, https:\/\/klava-innovation.com\/wp-content\/uploads\/2023\/05\/puff-18x12.jpg 18w, https:\/\/klava-innovation.com\/wp-content\/uploads\/2023\/05\/puff-900x600.jpg 900w\" data-sizes=\"(max-width: 1600px) 100vw, 1600px\" src=\"data:image\/svg+xml;base64,PHN2ZyB3aWR0aD0iMSIgaGVpZ2h0PSIxIiB4bWxucz0iaHR0cDovL3d3dy53My5vcmcvMjAwMC9zdmciPjwvc3ZnPg==\" style=\"--smush-placeholder-width: 1600px; --smush-placeholder-aspect-ratio: 1600\/1064;\" \/><\/figure><\/a><article class=\"stk-container-padding\"><h4 class=\"stk-block-posts__title\"><a href='https:\/\/klava-innovation.com\/en\/quest-ce-que-la-puff\/'>Qu&#039;est-ce que la \u201dPuff\u201d ?<\/a><\/h4><aside class=\"stk-block-posts__meta stk-subtitle\"><span>Klava Innovation<\/span><\/aside><div class=\"stk-block-posts__category stk-subtitle\"><a class=\"stk-button\" href=\"https:\/\/klava-innovation.com\/en\/category\/actualites\/\" rel=\"category tag\"><span class=\"stk-button__inner-text\">News<\/span><\/a><\/div><div class=\"stk-block-posts__excerpt\"><p>Maybe you\u2019ve already seen its colorful packaging at a tobacco shop or in supermarkets?\u2026<\/p>\n<\/div><a class=\"stk-block-posts__readmore\" href=\"https:\/\/klava-innovation.com\/en\/quest-ce-que-la-puff\/\">Continue Reading<\/a><\/article><\/div><\/div><div class=\"stk-block-posts__item\"><div class=\"stk-container stk-95cf046-container stk-hover-parent\"><a href=\"https:\/\/klava-innovation.com\/en\/lanxiete-induit-elle-laddiction\/\" class=\"stk-block-posts__image-link\"><figure class=\"stk-img-wrapper stk-image--shape-stretch\"><img decoding=\"async\" width=\"2560\" height=\"1707\" data-src=\"https:\/\/klava-innovation.com\/wp-content\/uploads\/2023\/05\/pexels-andrew-neel-3132388-scaled.jpg\" class=\"attachment-full size-full wp-post-image lazyload\" alt=\"\" data-srcset=\"https:\/\/klava-innovation.com\/wp-content\/uploads\/2023\/05\/pexels-andrew-neel-3132388-scaled.jpg 2560w, https:\/\/klava-innovation.com\/wp-content\/uploads\/2023\/05\/pexels-andrew-neel-3132388-300x200.jpg 300w, https:\/\/klava-innovation.com\/wp-content\/uploads\/2023\/05\/pexels-andrew-neel-3132388-1024x683.jpg 1024w, https:\/\/klava-innovation.com\/wp-content\/uploads\/2023\/05\/pexels-andrew-neel-3132388-768x512.jpg 768w, https:\/\/klava-innovation.com\/wp-content\/uploads\/2023\/05\/pexels-andrew-neel-3132388-1536x1024.jpg 1536w, https:\/\/klava-innovation.com\/wp-content\/uploads\/2023\/05\/pexels-andrew-neel-3132388-2048x1365.jpg 2048w, https:\/\/klava-innovation.com\/wp-content\/uploads\/2023\/05\/pexels-andrew-neel-3132388-18x12.jpg 18w, https:\/\/klava-innovation.com\/wp-content\/uploads\/2023\/05\/pexels-andrew-neel-3132388-900x600.jpg 900w\" data-sizes=\"(max-width: 2560px) 100vw, 2560px\" src=\"data:image\/svg+xml;base64,PHN2ZyB3aWR0aD0iMSIgaGVpZ2h0PSIxIiB4bWxucz0iaHR0cDovL3d3dy53My5vcmcvMjAwMC9zdmciPjwvc3ZnPg==\" style=\"--smush-placeholder-width: 2560px; --smush-placeholder-aspect-ratio: 2560\/1707;\" \/><\/figure><\/a><article class=\"stk-container-padding\"><h4 class=\"stk-block-posts__title\"><a href='https:\/\/klava-innovation.com\/en\/lanxiete-induit-elle-laddiction\/'>Can anxiety lead to addiction?<\/a><\/h4><aside class=\"stk-block-posts__meta stk-subtitle\"><span>Klava Innovation<\/span><\/aside><div class=\"stk-block-posts__category stk-subtitle\"><a class=\"stk-button\" href=\"https:\/\/klava-innovation.com\/en\/category\/psychologie\/\" rel=\"category tag\"><span class=\"stk-button__inner-text\">Psychology<\/span><\/a><\/div><div class=\"stk-block-posts__excerpt\"><p>Does anxiety lead to addiction? Testimony by Maud Tijardovic \u2013 clinical psychologist specializing in addiction medicine\u2026<\/p>\n<\/div><a class=\"stk-block-posts__readmore\" href=\"https:\/\/klava-innovation.com\/en\/lanxiete-induit-elle-laddiction\/\">Continue Reading<\/a><\/article><\/div><\/div><div class=\"stk-block-posts__item\"><div class=\"stk-container stk-95cf046-container stk-hover-parent\"><a href=\"https:\/\/klava-innovation.com\/en\/comment-regagner-en-confiance-lorsquon-arrete-sa-consommation\/\" class=\"stk-block-posts__image-link\"><figure class=\"stk-img-wrapper stk-image--shape-stretch\"><img decoding=\"async\" width=\"2560\" height=\"1707\" data-src=\"https:\/\/klava-innovation.com\/wp-content\/uploads\/2023\/03\/pexels-anna-shvets-3746278-scaled.jpg\" class=\"attachment-full size-full wp-post-image lazyload\" alt=\"\" data-srcset=\"https:\/\/klava-innovation.com\/wp-content\/uploads\/2023\/03\/pexels-anna-shvets-3746278-scaled.jpg 2560w, https:\/\/klava-innovation.com\/wp-content\/uploads\/2023\/03\/pexels-anna-shvets-3746278-300x200.jpg 300w, https:\/\/klava-innovation.com\/wp-content\/uploads\/2023\/03\/pexels-anna-shvets-3746278-1024x683.jpg 1024w, https:\/\/klava-innovation.com\/wp-content\/uploads\/2023\/03\/pexels-anna-shvets-3746278-768x512.jpg 768w, https:\/\/klava-innovation.com\/wp-content\/uploads\/2023\/03\/pexels-anna-shvets-3746278-1536x1024.jpg 1536w, https:\/\/klava-innovation.com\/wp-content\/uploads\/2023\/03\/pexels-anna-shvets-3746278-2048x1365.jpg 2048w, https:\/\/klava-innovation.com\/wp-content\/uploads\/2023\/03\/pexels-anna-shvets-3746278-18x12.jpg 18w, https:\/\/klava-innovation.com\/wp-content\/uploads\/2023\/03\/pexels-anna-shvets-3746278-900x600.jpg 900w\" data-sizes=\"(max-width: 2560px) 100vw, 2560px\" src=\"data:image\/svg+xml;base64,PHN2ZyB3aWR0aD0iMSIgaGVpZ2h0PSIxIiB4bWxucz0iaHR0cDovL3d3dy53My5vcmcvMjAwMC9zdmciPjwvc3ZnPg==\" style=\"--smush-placeholder-width: 2560px; --smush-placeholder-aspect-ratio: 2560\/1707;\" \/><\/figure><\/a><article class=\"stk-container-padding\"><h4 class=\"stk-block-posts__title\"><a href='https:\/\/klava-innovation.com\/en\/comment-regagner-en-confiance-lorsquon-arrete-sa-consommation\/'>How can you regain self-confidence when you stop using drugs?<\/a><\/h4><aside class=\"stk-block-posts__meta stk-subtitle\"><span>Klava Innovation<\/span><\/aside><div class=\"stk-block-posts__category stk-subtitle\"><a class=\"stk-button\" href=\"https:\/\/klava-innovation.com\/en\/category\/psychologie\/\" rel=\"category tag\"><span class=\"stk-button__inner-text\">Psychology<\/span><\/a><\/div><div class=\"stk-block-posts__excerpt\"><p>Self-confidence is one of the most difficult things to achieve and\u2026<\/p>\n<\/div><a class=\"stk-block-posts__readmore\" href=\"https:\/\/klava-innovation.com\/en\/comment-regagner-en-confiance-lorsquon-arrete-sa-consommation\/\">Continue Reading<\/a><\/article><\/div><\/div><div class=\"stk-block-posts__item\"><div class=\"stk-container stk-95cf046-container stk-hover-parent\"><a href=\"https:\/\/klava-innovation.com\/en\/lutilisation-du-numerique-en-addictologie\/\" class=\"stk-block-posts__image-link\"><figure class=\"stk-img-wrapper stk-image--shape-stretch\"><img decoding=\"async\" width=\"2560\" height=\"1706\" data-src=\"https:\/\/klava-innovation.com\/wp-content\/uploads\/2023\/02\/pexels-adrienn-1458283-scaled.jpg\" class=\"attachment-full size-full wp-post-image lazyload\" alt=\"\" data-srcset=\"https:\/\/klava-innovation.com\/wp-content\/uploads\/2023\/02\/pexels-adrienn-1458283-scaled.jpg 2560w, https:\/\/klava-innovation.com\/wp-content\/uploads\/2023\/02\/pexels-adrienn-1458283-300x200.jpg 300w, https:\/\/klava-innovation.com\/wp-content\/uploads\/2023\/02\/pexels-adrienn-1458283-1024x683.jpg 1024w, https:\/\/klava-innovation.com\/wp-content\/uploads\/2023\/02\/pexels-adrienn-1458283-768x512.jpg 768w, https:\/\/klava-innovation.com\/wp-content\/uploads\/2023\/02\/pexels-adrienn-1458283-1536x1024.jpg 1536w, https:\/\/klava-innovation.com\/wp-content\/uploads\/2023\/02\/pexels-adrienn-1458283-2048x1365.jpg 2048w, https:\/\/klava-innovation.com\/wp-content\/uploads\/2023\/02\/pexels-adrienn-1458283-18x12.jpg 18w, https:\/\/klava-innovation.com\/wp-content\/uploads\/2023\/02\/pexels-adrienn-1458283-900x600.jpg 900w\" data-sizes=\"(max-width: 2560px) 100vw, 2560px\" src=\"data:image\/svg+xml;base64,PHN2ZyB3aWR0aD0iMSIgaGVpZ2h0PSIxIiB4bWxucz0iaHR0cDovL3d3dy53My5vcmcvMjAwMC9zdmciPjwvc3ZnPg==\" style=\"--smush-placeholder-width: 2560px; --smush-placeholder-aspect-ratio: 2560\/1706;\" \/><\/figure><\/a><article class=\"stk-container-padding\"><h4 class=\"stk-block-posts__title\"><a href='https:\/\/klava-innovation.com\/en\/lutilisation-du-numerique-en-addictologie\/'>Digital therapy: hope for a new complementary approach in the fight against addictive disorders.<\/a><\/h4><aside class=\"stk-block-posts__meta stk-subtitle\"><span>Klava Innovation<\/span><\/aside><div class=\"stk-block-posts__category stk-subtitle\"><a class=\"stk-button\" href=\"https:\/\/klava-innovation.com\/en\/category\/articles-innovation\/\" rel=\"category tag\"><span class=\"stk-button__inner-text\">Innovation<\/span><\/a><\/div><div class=\"stk-block-posts__excerpt\"><p>Today in France, more than 99% of the population aged 15 and older\u2026<\/p>\n<\/div><a class=\"stk-block-posts__readmore\" href=\"https:\/\/klava-innovation.com\/en\/lutilisation-du-numerique-en-addictologie\/\">Continue Reading<\/a><\/article><\/div><\/div><div class=\"stk-block-posts__item\"><div class=\"stk-container stk-95cf046-container stk-hover-parent\"><a href=\"https:\/\/klava-innovation.com\/en\/une-application-mobile-au-service-de-lenvironnement\/\" class=\"stk-block-posts__image-link\"><figure class=\"stk-img-wrapper stk-image--shape-stretch\"><img decoding=\"async\" width=\"2560\" height=\"1280\" data-src=\"https:\/\/klava-innovation.com\/wp-content\/uploads\/2021\/05\/IMAIA--scaled.png\" class=\"attachment-full size-full wp-post-image lazyload\" alt=\"Une application en faveur de l&#039;environnement\" data-srcset=\"https:\/\/klava-innovation.com\/wp-content\/uploads\/2021\/05\/IMAIA--scaled.png 2560w, https:\/\/klava-innovation.com\/wp-content\/uploads\/2021\/05\/IMAIA--300x150.png 300w, https:\/\/klava-innovation.com\/wp-content\/uploads\/2021\/05\/IMAIA--1024x512.png 1024w, https:\/\/klava-innovation.com\/wp-content\/uploads\/2021\/05\/IMAIA--768x384.png 768w, https:\/\/klava-innovation.com\/wp-content\/uploads\/2021\/05\/IMAIA--1536x768.png 1536w, https:\/\/klava-innovation.com\/wp-content\/uploads\/2021\/05\/IMAIA--2048x1024.png 2048w, https:\/\/klava-innovation.com\/wp-content\/uploads\/2021\/05\/IMAIA--18x9.png 18w\" data-sizes=\"(max-width: 2560px) 100vw, 2560px\" src=\"data:image\/svg+xml;base64,PHN2ZyB3aWR0aD0iMSIgaGVpZ2h0PSIxIiB4bWxucz0iaHR0cDovL3d3dy53My5vcmcvMjAwMC9zdmciPjwvc3ZnPg==\" style=\"--smush-placeholder-width: 2560px; --smush-placeholder-aspect-ratio: 2560\/1280;\" \/><\/figure><\/a><article class=\"stk-container-padding\"><h4 class=\"stk-block-posts__title\"><a href='https:\/\/klava-innovation.com\/en\/une-application-mobile-au-service-de-lenvironnement\/'>A mobile app that helps the environment<\/a><\/h4><aside class=\"stk-block-posts__meta stk-subtitle\"><span>Klava Innovation<\/span><\/aside><div class=\"stk-block-posts__category stk-subtitle\"><a class=\"stk-button\" href=\"https:\/\/klava-innovation.com\/en\/category\/articles-therapeutic-application\/\" rel=\"category tag\"><span class=\"stk-button__inner-text\">Therapeutic App<\/span><\/a><\/div><div class=\"stk-block-posts__excerpt\"><p>A mobile application in favor of the environment. In the midst of the climate crisis, KLAVA Innovation is developing\u2026<\/p>\n<\/div><a class=\"stk-block-posts__readmore\" href=\"https:\/\/klava-innovation.com\/en\/une-application-mobile-au-service-de-lenvironnement\/\">Continue Reading<\/a><\/article><\/div><\/div><div class=\"stk-block-posts__item\"><div class=\"stk-container stk-95cf046-container stk-hover-parent\"><a href=\"https:\/\/klava-innovation.com\/en\/article-la-reconnaissance-faciale-au-service-du-medical\/\" class=\"stk-block-posts__image-link\"><figure class=\"stk-img-wrapper stk-image--shape-stretch\"><img decoding=\"async\" width=\"1920\" height=\"1080\" data-src=\"https:\/\/klava-innovation.com\/wp-content\/uploads\/2020\/02\/Sans-titre-2.png\" class=\"attachment-full size-full wp-post-image lazyload\" alt=\"\" data-srcset=\"https:\/\/klava-innovation.com\/wp-content\/uploads\/2020\/02\/Sans-titre-2.png 1920w, https:\/\/klava-innovation.com\/wp-content\/uploads\/2020\/02\/Sans-titre-2-300x169.png 300w, https:\/\/klava-innovation.com\/wp-content\/uploads\/2020\/02\/Sans-titre-2-1024x576.png 1024w, https:\/\/klava-innovation.com\/wp-content\/uploads\/2020\/02\/Sans-titre-2-768x432.png 768w, https:\/\/klava-innovation.com\/wp-content\/uploads\/2020\/02\/Sans-titre-2-1536x864.png 1536w, https:\/\/klava-innovation.com\/wp-content\/uploads\/2020\/02\/Sans-titre-2-16x9.png 16w\" data-sizes=\"(max-width: 1920px) 100vw, 1920px\" src=\"data:image\/svg+xml;base64,PHN2ZyB3aWR0aD0iMSIgaGVpZ2h0PSIxIiB4bWxucz0iaHR0cDovL3d3dy53My5vcmcvMjAwMC9zdmciPjwvc3ZnPg==\" style=\"--smush-placeholder-width: 1920px; --smush-placeholder-aspect-ratio: 1920\/1080;\" \/><\/figure><\/a><article class=\"stk-container-padding\"><h4 class=\"stk-block-posts__title\"><a href='https:\/\/klava-innovation.com\/en\/article-la-reconnaissance-faciale-au-service-du-medical\/'>Facial recognition for medical use<\/a><\/h4><aside class=\"stk-block-posts__meta stk-subtitle\"><span>Klava Innovation<\/span><\/aside><div class=\"stk-block-posts__category stk-subtitle\"><a class=\"stk-button\" href=\"https:\/\/klava-innovation.com\/en\/category\/articles-innovation\/\" rel=\"category tag\"><span class=\"stk-button__inner-text\">Innovation<\/span><\/a><\/div><div class=\"stk-block-posts__excerpt\"><p>Facial recognition raises great expectations and excitement. The computing power required to train\u2026<\/p>\n<\/div><a class=\"stk-block-posts__readmore\" href=\"https:\/\/klava-innovation.com\/en\/article-la-reconnaissance-faciale-au-service-du-medical\/\">Continue Reading<\/a><\/article><\/div><\/div><\/div><div class=\"stk-inner-blocks\"><\/div><\/div><\/div>","protected":false},"excerpt":{"rendered":"<p>Passez les f\u00eates sans tabac : Les cl\u00e9s pour une saison festive sans rechute Klava Innovation News \u00c0 l\u2019approche de la nouvelle ann\u00e9e, l\u2019espoir de prendre de bonnes r\u00e9solutions rena\u00eet, mais le&hellip; Continue Reading La Pair-aidance : une approche empathique et humaine du sevrage tabagique Klava Innovation News Malgr\u00e9 un engagement politique en faveur de [&hellip;]<\/p>\n","protected":false},"author":1,"featured_media":0,"parent":0,"menu_order":0,"comment_status":"closed","ping_status":"closed","template":"","meta":{"footnotes":""},"class_list":["post-10068","page","type-page","status-publish","hentry"],"_links":{"self":[{"href":"https:\/\/klava-innovation.com\/en\/wp-json\/wp\/v2\/pages\/10068","targetHints":{"allow":["GET"]}}],"collection":[{"href":"https:\/\/klava-innovation.com\/en\/wp-json\/wp\/v2\/pages"}],"about":[{"href":"https:\/\/klava-innovation.com\/en\/wp-json\/wp\/v2\/types\/page"}],"author":[{"embeddable":true,"href":"https:\/\/klava-innovation.com\/en\/wp-json\/wp\/v2\/users\/1"}],"replies":[{"embeddable":true,"href":"https:\/\/klava-innovation.com\/en\/wp-json\/wp\/v2\/comments?post=10068"}],"version-history":[{"count":29,"href":"https:\/\/klava-innovation.com\/en\/wp-json\/wp\/v2\/pages\/10068\/revisions"}],"predecessor-version":[{"id":11312,"href":"https:\/\/klava-innovation.com\/en\/wp-json\/wp\/v2\/pages\/10068\/revisions\/11312"}],"wp:attachment":[{"href":"https:\/\/klava-innovation.com\/en\/wp-json\/wp\/v2\/media?parent=10068"}],"curies":[{"name":"wp","href":"https:\/\/api.w.org\/{rel}","templated":true}]}}