{"id":10943,"date":"2025-08-01T07:33:22","date_gmt":"2025-08-01T07:33:22","guid":{"rendered":"https:\/\/klava-innovation.com\/?page_id=10943"},"modified":"2025-08-01T08:56:56","modified_gmt":"2025-08-01T08:56:56","slug":"dr-ivan-gasman","status":"publish","type":"page","link":"https:\/\/klava-innovation.com\/en\/dr-ivan-gasman\/","title":{"rendered":"Dr. Ivan Gasman"},"content":{"rendered":"<div class=\"wp-block-stackable-columns alignfull stk-block-columns stk-block stk-9c29293\" data-block-id=\"9c29293\"><style>.stk-9c29293 {margin-bottom:0px !important;}<\/style><div class=\"stk-row stk-inner-blocks stk-block-content stk-content-align stk-9c29293-column alignfull\">\n<div class=\"wp-block-stackable-column stk-block-column stk-column stk-block stk-662b5c3 stk-block-background\" data-v=\"4\" data-block-id=\"662b5c3\"><style>.stk-662b5c3 {background-color:#f2f6fc !important;padding-top:var(u002du002dstku002du002dpresetu002du002dspacingu002du002d50, min(4rem, 7vw)) !important;}.stk-662b5c3:before{background-color:#f2f6fc !important;}<\/style><div class=\"stk-column-wrapper stk-block-column__content stk-container stk-662b5c3-container stk--no-background stk--no-padding\"><div class=\"stk-block-content stk-inner-blocks stk-662b5c3-inner-blocks\">\n<div class=\"wp-block-stackable-button-group stk-block-button-group stk-block stk-a136ece\" data-block-id=\"a136ece\"><div class=\"stk-row stk-inner-blocks has-text-align-right stk-block-content stk-button-group\">\n<div class=\"wp-block-stackable-icon-button stk-block-icon-button stk-block stk-26f24aa\" data-block-id=\"26f24aa\"><a class=\"stk-link stk-button stk--hover-effect-lift\" href=\"https:\/\/klava-innovation.com\/en\/notre-equipe\/#didier-adda\"><span class=\"stk--svg-wrapper\"><div class=\"stk--inner-svg\"><svg xmlns=\"http:\/\/www.w3.org\/2000\/svg\" viewbox=\"0 0 384 512\" aria-hidden=\"true\" width=\"32\" height=\"32\"><path d=\"M342.6 150.6c12.5-12.5 12.5-32.8 0-45.3s-32.8-12.5-45.3 0L192 210.7 86.6 105.4c-12.5-12.5-32.8-12.5-45.3 0s-12.5 32.8 0 45.3L146.7 256 41.4 361.4c-12.5 12.5-12.5 32.8 0 45.3s32.8 12.5 45.3 0L192 301.3 297.4 406.6c12.5 12.5 32.8 12.5 45.3 0s12.5-32.8 0-45.3L237.3 256 342.6 150.6z\"><\/path><\/svg><\/div><\/span><\/a><\/div>\n<\/div><\/div>\n\n\n\n<div class=\"wp-block-stackable-heading stk-block-heading stk-block-heading--v2 stk-block stk-f428791\" id=\"dr-ivan-gasman\" data-block-id=\"f428791\"><h2 class=\"stk-block-heading__text\">Dr. Ivan Gasman<\/h2><\/div>\n\n\n\n<div class=\"wp-block-stackable-text stk-block-text stk-block stk-3e4b77b\" data-block-id=\"3e4b77b\"><style>.stk-3e4b77b .stk-block-text__text{font-size:18px !important;}@media screen and (max-width: 1023px){.stk-3e4b77b .stk-block-text__text{font-size:18px !important;}}<\/style><p class=\"stk-block-text__text\"><strong>Chairman of the Scientific Board<\/strong><\/p><\/div>\n\n\n\n<div class=\"wp-block-stackable-text stk-block-text stk-block stk-877ee0d\" data-block-id=\"877ee0d\"><style>.stk-877ee0d .stk-block-text__text{font-size:16px !important;}@media screen and (max-width: 1023px){.stk-877ee0d .stk-block-text__text{font-size:16px !important;}}<\/style><p class=\"stk-block-text__text\">Head of a hospital unit, Dr. Ivan Gasman is the author of numerous works in psychiatry and neuroscience.<\/p><\/div>\n\n\n\n<div class=\"wp-block-stackable-text stk-block-text stk-block stk-8f7d443\" data-block-id=\"8f7d443\"><style>.stk-8f7d443 .stk-block-text__text{font-size:16px !important;}@media screen and (max-width: 1023px){.stk-8f7d443 .stk-block-text__text{font-size:16px !important;}}<\/style><p class=\"stk-block-text__text\">He is also a lecturer at the Faculty of Medicine and the Coll\u00e8ge de France, and actively participates in clinical and epidemiological research.<\/p><\/div>\n\n\n\n<div class=\"wp-block-stackable-button-group stk-block-button-group stk-block stk-2cc9d8b\" data-block-id=\"2cc9d8b\"><div class=\"stk-row stk-inner-blocks stk-block-content stk-button-group\">\n<div class=\"wp-block-stackable-icon-button stk-block-icon-button stk-block stk-0f659bf\" data-block-id=\"0f659bf\"><a class=\"stk-link stk-button stk--hover-effect-lift\" href=\"https:\/\/fr.linkedin.com\/in\/ivan-gasman-79026a25\" target=\"_blank\" rel=\"noreferrer noopener\"><span class=\"stk--svg-wrapper\"><div class=\"stk--inner-svg\"><svg xmlns=\"http:\/\/www.w3.org\/2000\/svg\" viewbox=\"0 0 448 512\" aria-hidden=\"true\" width=\"32\" height=\"32\"><path d=\"M100.28 448H7.4V148.9h92.88zM53.79 108.1C24.09 108.1 0 83.5 0 53.8a53.79 53.79 0 0 1 107.58 0c0 29.7-24.1 54.3-53.79 54.3zM447.9 448h-92.68V302.4c0-34.7-.7-79.2-48.29-79.2-48.29 0-55.69 37.7-55.69 76.7V448h-92.78V148.9h89.08v40.8h1.3c12.4-23.5 42.69-48.3 87.88-48.3 94 0 111.28 61.9 111.28 142.3V448z\"><\/path><\/svg><\/div><\/span><\/a><\/div>\n<\/div><\/div>\n<\/div><\/div><\/div>\n\n\n\n<div class=\"wp-block-stackable-column stk-block-column stk-column stk-block stk-ab130d0\" data-v=\"4\" data-block-id=\"ab130d0\"><style>.stk-ab130d0-container{margin-top:0px !important;margin-right:0px !important;margin-bottom:0px !important;margin-left:0px !important;}.stk-ab130d0 {padding-top:0px !important;padding-right:0px !important;padding-bottom:0px !important;padding-left:0px !important;margin-top:0px !important;margin-right:0px !important;margin-bottom:0px !important;margin-left:0px !important;}<\/style><div class=\"stk-column-wrapper stk-block-column__content stk-container stk-ab130d0-container stk--no-background stk--no-padding\"><div class=\"stk-block-content stk-inner-blocks stk-ab130d0-inner-blocks\">\n<div class=\"wp-block-stackable-image stk-block-image stk-block stk-d6a57eb\" data-block-id=\"d6a57eb\"><style>.stk-d6a57eb .stk-img-wrapper img{object-fit:fill !important;}<\/style><figure><span class=\"stk-img-wrapper stk-image--shape-stretch\"><img decoding=\"async\" class=\"stk-img wp-image-7021 lazyload\" data-src=\"https:\/\/klava-innovation.com\/wp-content\/uploads\/2021\/02\/IVAN-GASMAN_KLAVA4.png\" width=\"768\" height=\"1024\" alt=\"Didier Adda - KLAVA INNOVATION - Biomarqueurs digitaux\" data-srcset=\"https:\/\/klava-innovation.com\/wp-content\/uploads\/2021\/02\/IVAN-GASMAN_KLAVA4.png 768w, https:\/\/klava-innovation.com\/wp-content\/uploads\/2021\/02\/IVAN-GASMAN_KLAVA4-225x300.png 225w\" data-sizes=\"(max-width: 768px) 100vw, 768px\" src=\"data:image\/svg+xml;base64,PHN2ZyB3aWR0aD0iMSIgaGVpZ2h0PSIxIiB4bWxucz0iaHR0cDovL3d3dy53My5vcmcvMjAwMC9zdmciPjwvc3ZnPg==\" style=\"--smush-placeholder-width: 768px; --smush-placeholder-aspect-ratio: 768\/1024;\" \/><\/span><\/figure><\/div>\n<\/div><\/div><\/div>\n<\/div><\/div>","protected":false},"excerpt":{"rendered":"<p>Dr. Ivan Gasman Pr\u00e9sident du Conseil scientifique Chef d&rsquo;unit\u00e9 hospitali\u00e8re, il est l&rsquo;auteur de nombreux ouvrages dans le domaine de la psychiatrie et des neurosciences. Le docteur Ivan GASMAN est \u00e9galement ma\u00eetre de conf\u00e9rences \u00e0 la Facult\u00e9 de m\u00e9decine et au Coll\u00e8ge de France et participe \u00e0 des recherches cliniques et \u00e9pid\u00e9miologiques.<\/p>","protected":false},"author":1,"featured_media":0,"parent":0,"menu_order":0,"comment_status":"closed","ping_status":"closed","template":"","meta":{"footnotes":""},"class_list":["post-10943","page","type-page","status-publish","hentry"],"_links":{"self":[{"href":"https:\/\/klava-innovation.com\/en\/wp-json\/wp\/v2\/pages\/10943","targetHints":{"allow":["GET"]}}],"collection":[{"href":"https:\/\/klava-innovation.com\/en\/wp-json\/wp\/v2\/pages"}],"about":[{"href":"https:\/\/klava-innovation.com\/en\/wp-json\/wp\/v2\/types\/page"}],"author":[{"embeddable":true,"href":"https:\/\/klava-innovation.com\/en\/wp-json\/wp\/v2\/users\/1"}],"replies":[{"embeddable":true,"href":"https:\/\/klava-innovation.com\/en\/wp-json\/wp\/v2\/comments?post=10943"}],"version-history":[{"count":2,"href":"https:\/\/klava-innovation.com\/en\/wp-json\/wp\/v2\/pages\/10943\/revisions"}],"predecessor-version":[{"id":10967,"href":"https:\/\/klava-innovation.com\/en\/wp-json\/wp\/v2\/pages\/10943\/revisions\/10967"}],"wp:attachment":[{"href":"https:\/\/klava-innovation.com\/en\/wp-json\/wp\/v2\/media?parent=10943"}],"curies":[{"name":"wp","href":"https:\/\/api.w.org\/{rel}","templated":true}]}}