{"id":11070,"date":"2025-08-18T10:20:04","date_gmt":"2025-08-18T10:20:04","guid":{"rendered":"https:\/\/klava-innovation.com\/?page_id=11070"},"modified":"2025-08-21T14:43:32","modified_gmt":"2025-08-21T14:43:32","slug":"offres-demploi","status":"publish","type":"page","link":"https:\/\/klava-innovation.com\/en\/offres-demploi\/","title":{"rendered":"Offres d\u2019emploi"},"content":{"rendered":"<div class=\"wp-block-stackable-heading alignwide stk-block-heading stk-block-heading--v2 stk-block stk-ba4bbdb\" id=\"span-style-color-1-fa-1-b-6-class-stk-highlight-5-offres-demploi-a-date-span\" data-block-id=\"ba4bbdb\"><style>.stk-ba4bbdb {margin-top:var(--stk--preset--spacing--30, min(2rem, 5vw)) !important;margin-right:var(--stk--preset--spacing--none, 0px) !important;margin-bottom:var(--stk--preset--spacing--50, min(4rem, 7vw)) !important;margin-left:var(--stk--preset--spacing--30, min(2rem, 5vw)) !important;}<\/style><h2 class=\"stk-block-heading__text\"><span style=\"color: #1fa1b6;\" class=\"stk-highlight\">5 job openings available to date<\/span><\/h2><\/div>\n\n\n\n<div class=\"wp-block-stackable-columns alignwide stk-block-columns stk-block stk-8255974 stk-block-background\" data-block-id=\"8255974\"><style>.stk-8255974 {background-color:#def4f7 !important;border-top-left-radius:10px !important;border-top-right-radius:10px !important;border-bottom-right-radius:10px !important;border-bottom-left-radius:10px !important;overflow:hidden !important;box-shadow:0px 5px 30px -10px #1fa1b6 !important;align-items:center !important;padding-top:12px !important;padding-right:12px !important;padding-bottom:12px !important;padding-left:12px !important;display:flex !important;}.stk-8255974:before{background-color:#def4f7 !important;}.stk-8255974-column{--stk-columns-spacing:10px !important;--stk-column-gap:10px !important;row-gap:10px !important;}<\/style><div class=\"stk-row stk-inner-blocks stk-block-content stk-content-align stk-8255974-column alignfull\">\n<div class=\"wp-block-stackable-column stk-block-column stk-column stk-block stk-611fb24\" data-v=\"4\" data-block-id=\"611fb24\"><style>.stk-611fb24-container{margin-top:var(--stk--preset--spacing--none, 0px) !important;margin-right:var(--stk--preset--spacing--none, 0px) !important;margin-bottom:var(--stk--preset--spacing--none, 0px) !important;margin-left:var(--stk--preset--spacing--none, 0px) !important;}.stk-611fb24 {border-top-left-radius:10px !important;border-top-right-radius:10px !important;border-bottom-right-radius:10px !important;border-bottom-left-radius:10px !important;overflow:hidden !important;}<\/style><div class=\"stk-column-wrapper stk-block-column__content stk-container stk-611fb24-container stk-hover-parent\"><div class=\"stk-block-content stk-inner-blocks stk-611fb24-inner-blocks\">\n<div class=\"wp-block-stackable-text stk-block-text stk-block stk-afd9723\" id=\"responsable-affaires-reglementaires-br\" data-block-id=\"afd9723\"><style>.stk-afd9723 .stk-block-text__text{font-size:20px !important;}@media screen and (max-width: 1023px){.stk-afd9723 .stk-block-text__text{font-size:20px !important;}}<\/style><p class=\"stk-block-text__text\"><strong><span style=\"color: #1fa1b6;\" class=\"stk-highlight\"><strong>Alternant (H\/F) &#8211; Charg\u00e9(e) Marketing\/Communication<\/strong><\/span><\/strong><\/p><\/div>\n\n\n\n<div class=\"wp-block-stackable-text stk-block-text stk-block stk-bd0f227\" id=\"c-title-1-placeholder\" data-block-id=\"bd0f227\"><style>.stk-bd0f227 {margin-bottom:35px !important;}.stk-bd0f227 .stk-block-text__text{font-size:16px !important;color:#0B0620 !important;font-family:\"Raleway\", Sans-serif !important;}@media screen and (max-width: 1023px){.stk-bd0f227 .stk-block-text__text{font-size:16px !important;}}<\/style><p class=\"stk-block-text__text has-text-color\"><strong>Contrat de professionnalisation ou apprentissage<\/strong><\/p><\/div>\n\n\n\n<div class=\"wp-block-stackable-button-group stk-block-button-group stk-block stk-00005ad\" data-block-id=\"00005ad\"><div class=\"stk-row stk-inner-blocks stk-block-content stk-button-group\">\n<div class=\"wp-block-stackable-button stk-block-button stk-block stk-04cdd52\" data-block-id=\"04cdd52\"><style>.stk-04cdd52 .stk-button{padding-top:10px !important;padding-right:10px !important;padding-bottom:10px !important;padding-left:10px !important;background:#59c7d6 !important;border-top-left-radius:10px !important;border-top-right-radius:10px !important;border-bottom-right-radius:10px !important;border-bottom-left-radius:10px !important;}.stk-04cdd52 .stk-button__inner-text{font-size:16px !important;}@media screen and (max-width: 1023px){.stk-04cdd52 .stk-button__inner-text{font-size:16px !important;}}<\/style><a class=\"stk-link stk-button stk--hover-effect-lift\" href=\"https:\/\/klava-innovation.com\/en\/alternant-en-communication-marketing\/\"><span class=\"stk-button__inner-text\">D\u00e9couvrir<\/span><\/a><\/div>\n<\/div><\/div>\n<\/div><\/div><\/div>\n\n\n\n<div class=\"wp-block-stackable-column stk-block-column stk-column stk-block stk-89fd455\" data-v=\"4\" data-block-id=\"89fd455\"><style>.stk-89fd455-container{margin-top:var(--stk--preset--spacing--none, 0px) !important;margin-right:var(--stk--preset--spacing--none, 0px) !important;margin-bottom:var(--stk--preset--spacing--none, 0px) !important;margin-left:var(--stk--preset--spacing--none, 0px) !important;}.stk-89fd455 {border-top-left-radius:10px !important;border-top-right-radius:10px !important;border-bottom-right-radius:10px !important;border-bottom-left-radius:10px !important;overflow:hidden !important;}<\/style><div class=\"stk-column-wrapper stk-block-column__content stk-container stk-89fd455-container stk-hover-parent\"><div class=\"stk-block-content stk-inner-blocks stk-89fd455-inner-blocks\">\n<div class=\"wp-block-stackable-text stk-block-text stk-block stk-f7fea32\" id=\"responsable-affaires-reglementaires-br\" data-block-id=\"f7fea32\"><style>.stk-f7fea32 .stk-block-text__text{font-size:20px !important;}@media screen and (max-width: 1023px){.stk-f7fea32 .stk-block-text__text{font-size:20px !important;}}<\/style><p class=\"stk-block-text__text\"><strong><span style=\"color: #1fa1b6;\" class=\"stk-highlight\">Responsable (H\/F) en charge des affaires r\u00e9glementaires sant\u00e9<\/span><\/strong><\/p><\/div>\n\n\n\n<div class=\"wp-block-stackable-text stk-block-text stk-block stk-d2d4fe5\" id=\"c-title-1-placeholder\" data-block-id=\"d2d4fe5\"><style>.stk-d2d4fe5 .stk-block-text__text{font-size:16px !important;color:#0B0620 !important;font-family:\"Raleway\", Sans-serif !important;}@media screen and (max-width: 1023px){.stk-d2d4fe5 .stk-block-text__text{font-size:16px !important;}}<\/style><p class=\"stk-block-text__text has-text-color\"><strong>Pr\u00e9-embauche, avec CDD de 6 mois<\/strong><\/p><\/div>\n\n\n\n<div class=\"wp-block-stackable-button-group stk-block-button-group stk-block stk-bedc7b7\" data-block-id=\"bedc7b7\"><div class=\"stk-row stk-inner-blocks stk-block-content stk-button-group\">\n<div class=\"wp-block-stackable-button stk-block-button stk-block stk-f6f7581\" data-block-id=\"f6f7581\"><style>.stk-f6f7581 .stk-button{padding-top:10px !important;padding-right:10px !important;padding-bottom:10px !important;padding-left:10px !important;background:#59c7d6 !important;border-top-left-radius:10px !important;border-top-right-radius:10px !important;border-bottom-right-radius:10px !important;border-bottom-left-radius:10px !important;}.stk-f6f7581 .stk-button__inner-text{font-size:16px !important;}@media screen and (max-width: 1023px){.stk-f6f7581 .stk-button__inner-text{font-size:16px !important;}}<\/style><a class=\"stk-link stk-button stk--hover-effect-lift\" href=\"https:\/\/klava-innovation.com\/en\/responsable-en-charge-des-affaires-reglementaires-sante\/\"><span class=\"stk-button__inner-text\">D\u00e9couvrir<\/span><\/a><\/div>\n<\/div><\/div>\n<\/div><\/div><\/div>\n\n\n\n<div class=\"wp-block-stackable-column stk-block-column stk-column stk-block stk-5c9fea0\" data-v=\"4\" data-block-id=\"5c9fea0\"><style>.stk-5c9fea0-container{margin-top:var(--stk--preset--spacing--none, 0px) !important;margin-right:var(--stk--preset--spacing--none, 0px) !important;margin-bottom:var(--stk--preset--spacing--none, 0px) !important;margin-left:var(--stk--preset--spacing--none, 0px) !important;}.stk-5c9fea0 {border-top-left-radius:10px !important;border-top-right-radius:10px !important;border-bottom-right-radius:10px !important;border-bottom-left-radius:10px !important;overflow:hidden !important;}<\/style><div class=\"stk-column-wrapper stk-block-column__content stk-container stk-5c9fea0-container stk-hover-parent\"><div class=\"stk-block-content stk-inner-blocks stk-5c9fea0-inner-blocks\">\n<div class=\"wp-block-stackable-text stk-block-text stk-block stk-cddc797\" id=\"responsable-affaires-reglementaires-br\" data-block-id=\"cddc797\"><style>.stk-cddc797 {margin-bottom:62px !important;}.stk-cddc797 .stk-block-text__text{font-size:20px !important;}@media screen and (max-width: 1023px){.stk-cddc797 .stk-block-text__text{font-size:20px !important;}}<\/style><p class=\"stk-block-text__text\"><strong><span style=\"color: #1fa1b6;\" class=\"stk-highlight\"><strong>Stage (H\/F) &#8211; Business d\u00e9veloper<\/strong><\/span><\/strong><\/p><\/div>\n\n\n\n<div class=\"wp-block-stackable-text stk-block-text stk-block stk-df80993\" id=\"c-title-1-placeholder\" data-block-id=\"df80993\"><style>.stk-df80993 {margin-bottom:50px !important;}.stk-df80993 .stk-block-text__text{font-size:16px !important;color:#0B0620 !important;font-family:\"Raleway\", Sans-serif !important;}@media screen and (max-width: 1023px){.stk-df80993 .stk-block-text__text{font-size:16px !important;}}<\/style><p class=\"stk-block-text__text has-text-color\"><strong>Stage<\/strong><\/p><\/div>\n\n\n\n<div class=\"wp-block-stackable-button-group stk-block-button-group stk-block stk-b0de74e\" data-block-id=\"b0de74e\"><div class=\"stk-row stk-inner-blocks stk-block-content stk-button-group\">\n<div class=\"wp-block-stackable-button stk-block-button stk-block stk-72e6bd8\" data-block-id=\"72e6bd8\"><style>.stk-72e6bd8 .stk-button{padding-top:10px !important;padding-right:10px !important;padding-bottom:10px !important;padding-left:10px !important;background:#59c7d6 !important;border-top-left-radius:10px !important;border-top-right-radius:10px !important;border-bottom-right-radius:10px !important;border-bottom-left-radius:10px !important;}.stk-72e6bd8 .stk-button__inner-text{font-size:16px !important;}@media screen and (max-width: 1023px){.stk-72e6bd8 .stk-button__inner-text{font-size:16px !important;}}<\/style><a class=\"stk-link stk-button stk--hover-effect-lift\" href=\"https:\/\/klava-innovation.com\/en\/stage-h-f-business-developer\/\"><span class=\"stk-button__inner-text\">D\u00e9couvrir<\/span><\/a><\/div>\n<\/div><\/div>\n<\/div><\/div><\/div>\n<\/div><\/div>\n\n\n\n<div class=\"wp-block-stackable-columns alignwide stk-block-columns stk-block stk-51df59c stk-block-background\" data-block-id=\"51df59c\"><style>.stk-51df59c {background-color:#def4f7 !important;border-top-left-radius:10px !important;border-top-right-radius:10px !important;border-bottom-right-radius:10px !important;border-bottom-left-radius:10px !important;overflow:hidden !important;box-shadow:0px 5px 30px -10px #1fa1b6 !important;padding-top:var(--stk--preset--spacing--20, 1rem) !important;padding-right:var(--stk--preset--spacing--20, 1rem) !important;padding-bottom:var(--stk--preset--spacing--20, 1rem) !important;padding-left:var(--stk--preset--spacing--20, 1rem) !important;margin-top:var(--stk--preset--spacing--none, 0px) !important;margin-right:var(--stk--preset--spacing--none, 0px) !important;margin-bottom:var(--stk--preset--spacing--none, 0px) !important;margin-left:var(--stk--preset--spacing--none, 0px) !important;}.stk-51df59c:before{background-color:#def4f7 !important;}.stk-51df59c-column{--stk-column-gap:10px !important;row-gap:10px !important;}<\/style><div class=\"stk-row stk-inner-blocks stk-block-content stk-content-align stk-51df59c-column alignfull\">\n<div class=\"wp-block-stackable-column stk-block-column stk-column stk-block stk-916e4a6\" data-v=\"4\" data-block-id=\"916e4a6\"><style>.stk-916e4a6-container{margin-top:var(--stk--preset--spacing--none, 0px) !important;margin-right:var(--stk--preset--spacing--none, 0px) !important;margin-bottom:var(--stk--preset--spacing--none, 0px) !important;margin-left:var(--stk--preset--spacing--none, 0px) !important;}.stk-916e4a6 {border-top-left-radius:10px !important;border-top-right-radius:10px !important;border-bottom-right-radius:10px !important;border-bottom-left-radius:10px !important;overflow:hidden !important;}<\/style><div class=\"stk-column-wrapper stk-block-column__content stk-container stk-916e4a6-container stk-hover-parent\"><div class=\"stk-block-content stk-inner-blocks stk-916e4a6-inner-blocks\">\n<div class=\"wp-block-stackable-text stk-block-text stk-block stk-894b9c9\" id=\"responsable-affaires-reglementaires-br\" data-block-id=\"894b9c9\"><style>.stk-894b9c9 .stk-block-text__text{font-size:20px !important;}@media screen and (max-width: 1023px){.stk-894b9c9 .stk-block-text__text{font-size:20px !important;}}<\/style><p class=\"stk-block-text__text\"><span style=\"color: #1fa1b6;\" class=\"stk-highlight\"><span style=\"color: #1fa1b6;\" class=\"stk-highlight\"><strong>D\u00e9l\u00e9gu\u00e9(e) m\u00e9dical (H\/F)<\/strong><\/span><\/span><\/p><\/div>\n\n\n\n<div class=\"wp-block-stackable-text stk-block-text stk-block stk-b74fe74\" id=\"c-title-1-placeholder\" data-block-id=\"b74fe74\"><style>.stk-b74fe74 .stk-block-text__text{font-size:16px !important;color:#0B0620 !important;font-family:\"Raleway\", Sans-serif !important;}@media screen and (max-width: 1023px){.stk-b74fe74 .stk-block-text__text{font-size:16px !important;}}<\/style><p class=\"stk-block-text__text has-text-color\"><strong>CDI &#8211; Nice (06)<\/strong><\/p><\/div>\n\n\n\n<div class=\"wp-block-stackable-button-group stk-block-button-group stk-block stk-f89f86d\" data-block-id=\"f89f86d\"><div class=\"stk-row stk-inner-blocks stk-block-content stk-button-group\">\n<div class=\"wp-block-stackable-button stk-block-button stk-block stk-7e1b42e\" data-block-id=\"7e1b42e\"><style>.stk-7e1b42e .stk-button{padding-top:10px !important;padding-right:10px !important;padding-bottom:10px !important;padding-left:10px !important;background:#59c7d6 !important;border-top-left-radius:10px !important;border-top-right-radius:10px !important;border-bottom-right-radius:10px !important;border-bottom-left-radius:10px !important;}.stk-7e1b42e .stk-button__inner-text{font-size:16px !important;}@media screen and (max-width: 1023px){.stk-7e1b42e .stk-button__inner-text{font-size:16px !important;}}<\/style><a class=\"stk-link stk-button stk--hover-effect-lift\" href=\"https:\/\/klava-innovation.com\/en\/deleguee-medical\/\"><span class=\"stk-button__inner-text\">D\u00e9couvrir<\/span><\/a><\/div>\n<\/div><\/div>\n<\/div><\/div><\/div>\n\n\n\n<div class=\"wp-block-stackable-column stk-block-column stk-column stk-block stk-889320f\" data-v=\"4\" data-block-id=\"889320f\"><style>.stk-889320f-container{margin-top:var(--stk--preset--spacing--none, 0px) !important;margin-right:var(--stk--preset--spacing--none, 0px) !important;margin-bottom:var(--stk--preset--spacing--none, 0px) !important;margin-left:var(--stk--preset--spacing--none, 0px) !important;}.stk-889320f {border-top-left-radius:10px !important;border-top-right-radius:10px !important;border-bottom-right-radius:10px !important;border-bottom-left-radius:10px !important;overflow:hidden !important;}<\/style><div class=\"stk-column-wrapper stk-block-column__content stk-container stk-889320f-container stk-hover-parent\"><div class=\"stk-block-content stk-inner-blocks stk-889320f-inner-blocks\">\n<div class=\"wp-block-stackable-text stk-block-text stk-block stk-71d3eaf\" id=\"responsable-affaires-reglementaires-br\" data-block-id=\"71d3eaf\"><style>.stk-71d3eaf .stk-block-text__text{font-size:20px !important;}@media screen and (max-width: 1023px){.stk-71d3eaf .stk-block-text__text{font-size:20px !important;}}<\/style><p class=\"stk-block-text__text\"><strong><span style=\"color: #1fa1b6;\" class=\"stk-highlight\">Full Stack Developer<\/span><\/strong> <strong><span style=\"color: #1fa1b6;\" class=\"stk-highlight\">(H\/F)<\/span><\/strong><\/p><\/div>\n\n\n\n<div class=\"wp-block-stackable-text stk-block-text stk-block stk-1ea7ea2\" id=\"c-title-1-placeholder\" data-block-id=\"1ea7ea2\"><style>.stk-1ea7ea2 .stk-block-text__text{font-size:16px !important;color:#0B0620 !important;font-family:\"Raleway\", Sans-serif !important;}@media screen and (max-width: 1023px){.stk-1ea7ea2 .stk-block-text__text{font-size:16px !important;}}<\/style><p class=\"stk-block-text__text has-text-color\"><strong>CDI &#8211; Boulogne-Billancourt (92)<\/strong><\/p><\/div>\n\n\n\n<div class=\"wp-block-stackable-button-group stk-block-button-group stk-block stk-e9f3802\" data-block-id=\"e9f3802\"><div class=\"stk-row stk-inner-blocks stk-block-content stk-button-group\">\n<div class=\"wp-block-stackable-button stk-block-button stk-block stk-0f45768\" data-block-id=\"0f45768\"><style>.stk-0f45768 .stk-button{padding-top:10px !important;padding-right:10px !important;padding-bottom:10px !important;padding-left:10px !important;background:#59c7d6 !important;border-top-left-radius:10px !important;border-top-right-radius:10px !important;border-bottom-right-radius:10px !important;border-bottom-left-radius:10px !important;}.stk-0f45768 .stk-button__inner-text{font-size:16px !important;}@media screen and (max-width: 1023px){.stk-0f45768 .stk-button__inner-text{font-size:16px !important;}}<\/style><a class=\"stk-link stk-button stk--hover-effect-lift\" href=\"https:\/\/klava-innovation.com\/en\/developpeur-full-stack\/\"><span class=\"stk-button__inner-text\">D\u00e9couvrir<\/span><\/a><\/div>\n<\/div><\/div>\n<\/div><\/div><\/div>\n\n\n\n<div class=\"wp-block-stackable-column stk-block-column stk-column stk-block stk-7baad45\" data-v=\"4\" data-block-id=\"7baad45\"><style>.stk-7baad45-container{margin-top:var(--stk--preset--spacing--none, 0px) !important;margin-right:var(--stk--preset--spacing--none, 0px) !important;margin-bottom:var(--stk--preset--spacing--none, 0px) !important;margin-left:var(--stk--preset--spacing--none, 0px) !important;background-color:#def4f7 !important;}.stk-7baad45 {border-top-left-radius:10px !important;border-top-right-radius:10px !important;border-bottom-right-radius:10px !important;border-bottom-left-radius:10px !important;overflow:hidden !important;}.stk-7baad45-container:before{background-color:#def4f7 !important;}<\/style><div class=\"stk-column-wrapper stk-block-column__content stk-container stk-7baad45-container stk-hover-parent\"><div class=\"stk-block-content stk-inner-blocks stk-7baad45-inner-blocks\">\n<p><\/p>\n<\/div><\/div><\/div>\n<\/div><\/div>\n\n\n\n<div class=\"wp-block-stackable-button-group alignwide stk-block-button-group stk-block stk-ef38560\" data-block-id=\"ef38560\"><style>.stk-ef38560 {margin-top:3rem !important;margin-bottom:var(--stk--preset--spacing--60, min(6rem, 8vw)) !important;margin-left:var(--stk--preset--spacing--30, min(2rem, 5vw)) !important;}<\/style><div class=\"stk-row stk-inner-blocks stk-block-content stk-button-group\">\n<div class=\"wp-block-stackable-button stk-block-button is-style-ghost stk-block stk-85a90e2\" data-block-id=\"85a90e2\"><style>.stk-85a90e2 .stk-button{padding-top:8px !important;padding-bottom:8px !important;background:transparent !important;}.stk-85a90e2 .stk-button:hover:after{background:transparent !important;opacity:1 !important;}:where(.stk-hover-parent:hover,  .stk-hover-parent.stk--is-hovered) .stk-85a90e2 .stk-button:after{background:transparent !important;opacity:1 !important;}.stk-85a90e2 .stk-button:before{border-style:solid !important;border-color:#545454 !important;}.stk-85a90e2 .stk-button .stk--inner-svg svg:last-child{transform:rotate(270deg) !important;}.stk-85a90e2 .stk-button .stk--inner-svg svg:last-child, .stk-85a90e2 .stk-button .stk--inner-svg svg:last-child :is(g, path, rect, polygon, ellipse){fill:#545454 !important;}.stk-85a90e2 .stk-button__inner-text{color:#1fa1b6 !important;}<\/style><a class=\"stk-link stk-button stk--hover-effect-lift\" href=\"https:\/\/klava-innovation.com\/en\/nous-contacter\/\"><span class=\"stk--svg-wrapper\"><div class=\"stk--inner-svg\"><svg xmlns=\"http:\/\/www.w3.org\/2000\/svg\" viewbox=\"0 0 384 512\" aria-hidden=\"true\" width=\"32\" height=\"32\"><path d=\"M214.6 9.4c-12.5-12.5-32.8-12.5-45.3 0l-128 128c-12.5 12.5-12.5 32.8 0 45.3s32.8 12.5 45.3 0L160 109.3V480c0 17.7 14.3 32 32 32s32-14.3 32-32V109.3l73.4 73.4c12.5 12.5 32.8 12.5 45.3 0s12.5-32.8 0-45.3l-128-128z\"><\/path><\/svg><\/div><\/span><span class=\"has-text-color stk-button__inner-text\">Retour<\/span><\/a><\/div>\n<\/div><\/div>","protected":false},"excerpt":{"rendered":"<p>5 offres d\u2019emploi \u00e0 date Alternant (H\/F) &#8211; Charg\u00e9(e) Marketing\/Communication Contrat de professionnalisation ou apprentissage D\u00e9couvrir Responsable (H\/F) en charge des affaires r\u00e9glementaires sant\u00e9 Pr\u00e9-embauche, avec CDD de 6 mois D\u00e9couvrir Stage (H\/F) &#8211; Business d\u00e9veloper Stage D\u00e9couvrir D\u00e9l\u00e9gu\u00e9(e) m\u00e9dical (H\/F) CDI &#8211; Nice (06) D\u00e9couvrir D\u00e9veloppeur Full Stack (H\/F) CDI &#8211; Boulogne-Billancourt (92) D\u00e9couvrir [&hellip;]<\/p>\n","protected":false},"author":1,"featured_media":0,"parent":0,"menu_order":0,"comment_status":"closed","ping_status":"closed","template":"","meta":{"footnotes":""},"class_list":["post-11070","page","type-page","status-publish","hentry"],"_links":{"self":[{"href":"https:\/\/klava-innovation.com\/en\/wp-json\/wp\/v2\/pages\/11070","targetHints":{"allow":["GET"]}}],"collection":[{"href":"https:\/\/klava-innovation.com\/en\/wp-json\/wp\/v2\/pages"}],"about":[{"href":"https:\/\/klava-innovation.com\/en\/wp-json\/wp\/v2\/types\/page"}],"author":[{"embeddable":true,"href":"https:\/\/klava-innovation.com\/en\/wp-json\/wp\/v2\/users\/1"}],"replies":[{"embeddable":true,"href":"https:\/\/klava-innovation.com\/en\/wp-json\/wp\/v2\/comments?post=11070"}],"version-history":[{"count":56,"href":"https:\/\/klava-innovation.com\/en\/wp-json\/wp\/v2\/pages\/11070\/revisions"}],"predecessor-version":[{"id":11414,"href":"https:\/\/klava-innovation.com\/en\/wp-json\/wp\/v2\/pages\/11070\/revisions\/11414"}],"wp:attachment":[{"href":"https:\/\/klava-innovation.com\/en\/wp-json\/wp\/v2\/media?parent=11070"}],"curies":[{"name":"wp","href":"https:\/\/api.w.org\/{rel}","templated":true}]}}