{"id":11373,"date":"2025-08-21T13:31:30","date_gmt":"2025-08-21T13:31:30","guid":{"rendered":"https:\/\/klava-innovation.com\/?page_id=11373"},"modified":"2025-08-21T14:45:53","modified_gmt":"2025-08-21T14:45:53","slug":"stage-h-f-business-developer","status":"publish","type":"page","link":"https:\/\/klava-innovation.com\/en\/stage-h-f-business-developer\/","title":{"rendered":"Stage (H\/F) &#8211; Business developer"},"content":{"rendered":"<div class=\"wp-block-cover alignfull is-light\" style=\"margin-bottom:var(--wp--preset--spacing--40);padding-bottom:0;min-height:200px;aspect-ratio:unset;\"><span aria-hidden=\"true\" class=\"wp-block-cover__background has-secondary-background-color has-background-dim-100 has-background-dim\"><\/span><div class=\"wp-block-cover__inner-container has-global-padding is-layout-constrained wp-block-cover-is-layout-constrained\">\n<div class=\"wp-block-stackable-heading stk-block-heading stk-block-heading--v2 stk-block stk-048ed42\" id=\"span-style-color-545454-class-stk-highlight-stage-h-f-business-developer-span\" data-block-id=\"048ed42\"><style>.stk-048ed42 .stk-block-heading__text{color:#545454 !important;}<\/style><h3 class=\"stk-block-heading__text has-text-color has-text-align-center\"><span style=\"color: #545454;\" class=\"stk-highlight\">Stage (H\/F) &#8211; Business developer<\/span><\/h3><\/div>\n<\/div><\/div>\n\n\n\n<div class=\"wp-block-stackable-text stk-block-text stk-block stk-77a11e0\" data-block-id=\"77a11e0\"><style>.stk-77a11e0 .stk-block-text__text{font-size:16px !important;}@media screen and (max-width: 1023px){.stk-77a11e0 .stk-block-text__text{font-size:16px !important;}}<\/style><p class=\"stk-block-text__text has-text-align-right\"><span style=\"color: #545454;\" class=\"stk-highlight\">21\/08\/2025<\/span><\/p><\/div>\n\n\n\n<div class=\"wp-block-stackable-columns alignfull stk-block-columns stk-block stk-3ab6cb2 stk-block-background\" data-block-id=\"3ab6cb2\"><style>.stk-3ab6cb2 {background-color:#f2f6fc !important;margin-top:var(u002du002dstku002du002dpresetu002du002dspacingu002du002d20, 1rem) !important;margin-bottom:var(u002du002dstku002du002dpresetu002du002dspacingu002du002d40, min(3rem, 6vw)) !important;}.stk-3ab6cb2:before{background-color:#f2f6fc !important;}.stk-3ab6cb2-column{--stk-columns-spacing:10px !important;--stk-column-gap:10px !important;row-gap:10px !important;}<\/style><div class=\"stk-row stk-inner-blocks stk-block-content stk-content-align stk-3ab6cb2-column alignwide\">\n<div class=\"wp-block-stackable-column stk-block-column stk-column stk-block stk-90e16d8\" data-v=\"4\" data-block-id=\"90e16d8\"><style>@media screen and (min-width: 768px){.stk-90e16d8 {flex:var(--stk-flex-grow, 1) 1 25% !important;}}<\/style><div class=\"stk-column-wrapper stk-block-column__content stk-container stk-90e16d8-container stk--no-background stk--no-padding\"><div class=\"stk-block-content stk-inner-blocks stk-90e16d8-inner-blocks\">\n<div class=\"wp-block-stackable-text stk-block-text stk-block stk-b64f7c3\" data-block-id=\"b64f7c3\"><style>.stk-b64f7c3 .stk-block-text__text{font-size:16px !important;}@media screen and (max-width: 1023px){.stk-b64f7c3 .stk-block-text__text{font-size:16px !important;}}<\/style><p class=\"stk-block-text__text has-text-align-center\"><strong><span style=\"color: #545454;\" class=\"stk-highlight\">Contrat<\/span><\/strong><br><span style=\"color: #1fa1b6;\" class=\"stk-highlight\">Stage<\/span><\/p><\/div>\n<\/div><\/div><\/div>\n\n\n\n<div class=\"wp-block-stackable-column stk-block-column stk-column stk-block stk-4132605\" data-v=\"4\" data-block-id=\"4132605\"><style>@media screen and (min-width: 768px){.stk-4132605 {flex:var(--stk-flex-grow, 1) 1 25% !important;}}<\/style><div class=\"stk-column-wrapper stk-block-column__content stk-container stk-4132605-container stk--no-background stk--no-padding\"><div class=\"stk-block-content stk-inner-blocks stk-4132605-inner-blocks\">\n<div class=\"wp-block-stackable-text stk-block-text stk-block stk-5f3f795\" data-block-id=\"5f3f795\"><style>.stk-5f3f795 .stk-block-text__text{font-size:16px !important;}@media screen and (max-width: 1023px){.stk-5f3f795 .stk-block-text__text{font-size:16px !important;}}<\/style><p class=\"stk-block-text__text has-text-align-center\"><strong><span style=\"color: #545454;\" class=\"stk-highlight\">Niveau d\u2019\u00e9tudes<br><\/span><\/strong><span style=\"color: #1fa1b6;\" class=\"stk-highlight\">Formation commerciale<\/span><\/p><\/div>\n<\/div><\/div><\/div>\n\n\n\n<div class=\"wp-block-stackable-column stk-block-column stk-column stk-block stk-1ac5649\" data-v=\"4\" data-block-id=\"1ac5649\"><style>@media screen and (min-width: 768px){.stk-1ac5649 {flex:var(--stk-flex-grow, 1) 1 25% !important;}}<\/style><div class=\"stk-column-wrapper stk-block-column__content stk-container stk-1ac5649-container stk--no-background stk--no-padding\"><div class=\"stk-block-content stk-inner-blocks stk-1ac5649-inner-blocks\">\n<div class=\"wp-block-stackable-text stk-block-text stk-block stk-6c74666\" data-block-id=\"6c74666\"><style>.stk-6c74666 .stk-block-text__text{font-size:16px !important;}@media screen and (max-width: 1023px){.stk-6c74666 .stk-block-text__text{font-size:16px !important;}}<\/style><p class=\"stk-block-text__text has-text-align-center\"><strong><span style=\"color: #545454;\" class=\"stk-highlight\">P\u00e9riode<br><\/span><\/strong><span style=\"color: #1fa1b6;\" class=\"stk-highlight\">Avril 2026<\/span><\/p><\/div>\n<\/div><\/div><\/div>\n\n\n\n<div class=\"wp-block-stackable-column stk-block-column stk-column stk-block stk-6c077c4\" data-v=\"4\" data-block-id=\"6c077c4\"><style>@media screen and (min-width: 768px){.stk-6c077c4 {flex:var(--stk-flex-grow, 1) 1 25% !important;}}<\/style><div class=\"stk-column-wrapper stk-block-column__content stk-container stk-6c077c4-container stk--no-background stk--no-padding\"><div class=\"stk-block-content stk-inner-blocks stk-6c077c4-inner-blocks\">\n<div class=\"wp-block-stackable-text stk-block-text stk-block stk-91caddc\" data-block-id=\"91caddc\"><style>.stk-91caddc .stk-block-text__text{font-size:16px !important;}@media screen and (max-width: 1023px){.stk-91caddc .stk-block-text__text{font-size:16px !important;}}<\/style><p class=\"stk-block-text__text has-text-align-center\"><strong><span style=\"color: #545454;\" class=\"stk-highlight\">REF \u00e0 pr\u00e9ciser \u00e0 votre candidature<br><\/span><\/strong><span style=\"color: #1fa1b6;\" class=\"stk-highlight\">KLAVA-RECRUT-BD<\/span><\/p><\/div>\n<\/div><\/div><\/div>\n<\/div><\/div>\n\n\n\n<div class=\"wp-block-stackable-heading stk-block-heading stk-block-heading--v2 stk-block stk-194380c\" id=\"presentation-de-lentreprise\" data-block-id=\"194380c\"><style>.stk-194380c {margin-top:var(--stk--preset--spacing--20, 1rem) !important;}.stk-194380c .stk-block-heading__text{color:#1fa1b6 !important;}<\/style><h3 class=\"stk-block-heading__text has-text-color\">Pr\u00e9sentation de l&rsquo;entreprise<\/h3><\/div>\n\n\n\n<div class=\"wp-block-stackable-text stk-block-text stk-block stk-ad30307\" data-block-id=\"ad30307\"><style>.stk-ad30307 {margin-bottom:var(--stk--preset--spacing--50, min(4rem, 7vw)) !important;}.stk-ad30307 .stk-block-text__text{font-size:16px !important;}@media screen and (max-width: 1023px){.stk-ad30307 .stk-block-text__text{font-size:16px !important;}}<\/style><p class=\"stk-block-text__text has-text-align-justify\">KLAVA Innovation est une entreprise <strong>MedTech\/DeepTech<\/strong>, bas\u00e9e en r\u00e9gion parisienne (Boulogne Billancourt, (92)), qui d\u00e9veloppe de nouvelles approches th\u00e9rapeutiques personnalis\u00e9es qui sont <strong>les th\u00e9rapies digitales<\/strong>.<br><br>Par d\u00e9finition, <strong>les th\u00e9rapies digitales ou DTx \u00ab Digital Therapeutics \u00bb <\/strong>sont des <strong>interventions th\u00e9rapeutiques<\/strong> fond\u00e9es sur des donn\u00e9es probantes et pilot\u00e9es par des logiciels de haute qualit\u00e9 pour pr\u00e9venir, g\u00e9rer ou traiter un trouble m\u00e9dical. <br><br>Aujourd\u2019hui, l\u2019entreprise KLAVA Innovation m\u00e8ne ses travaux de recherches dans le champ des addictions et travaille conjointement avec l\u2019un des plus grands d\u2019addictologie d\u2019Europe, le service de l\u2019AP-HP Paul Brousse. <br><br><strong>L\u2019addiction au tabac<\/strong> est un des plus grands probl\u00e8mes de sant\u00e9 publique au monde, tuant huit millions de personnes par an. Il y a actuellement plus d\u2019un milliard de fumeurs dans le monde, dont la moiti\u00e9 risque de mourir d\u2019une maladie li\u00e9e au tabac.<br><br>Dans le cadre du d\u00e9veloppement du projet KLAVA, nous recherchons un(e) stagiaire(e) (H\/F) \u2013 Charg\u00e9(e) Business D\u00e9velopper afin de nous accompagner dans la promotion de la premi\u00e8re version de Quitoxil, future th\u00e9rapie num\u00e9rique destin\u00e9e \u00e0 des personnes fumeuses. <\/p><\/div>\n\n\n\n<div class=\"wp-block-stackable-heading stk-block-heading stk-block-heading--v2 stk-block stk-4049dff\" id=\"principales-missions\" data-block-id=\"4049dff\"><style>.stk-4049dff .stk-block-heading__text{color:#1fa1b6 !important;}<\/style><h3 class=\"stk-block-heading__text has-text-color\">Principales missions<\/h3><\/div>\n\n\n\n<div class=\"wp-block-stackable-icon-list stk-block-icon-list stk-block stk-38ea984\" data-block-id=\"38ea984\"><style>.stk-38ea984 {--stk-icon-list-row-gap:5px !important;--stk-icon-list-marker-color:#1fa1b6 !important;margin-bottom:var(--stk--preset--spacing--50, min(4rem, 7vw)) !important;}.stk-38ea984 .stk-block-icon-list-item__content{align-items:flex-start !important;}.stk-38ea984 ul .stk-block-icon-list-item__content .stk--inner-svg, .stk-38ea984 ol .stk-block-icon-list-item__content .stk-block-icon-list-item__marker{transform:translateY(5px) !important;}.stk-38ea984 ul li, .stk-38ea984 ol li, .stk-38ea984 ul li span, .stk-38ea984 ol li span{font-size:16px !important;}@media screen and (max-width: 1023px){.stk-38ea984 ul li, .stk-38ea984 ol li, .stk-38ea984 ul li span, .stk-38ea984 ol li span{font-size:16px !important;}}<\/style><svg style=\"display:none\"><defs><g id=\"stk-icon-list__icon-svg-def-38ea984\"><svg xmlns=\"http:\/\/www.w3.org\/2000\/svg\" viewbox=\"0 0 320 512\"><path d=\"M310.6 233.4c12.5 12.5 12.5 32.8 0 45.3l-192 192c-12.5 12.5-32.8 12.5-45.3 0s-12.5-32.8 0-45.3L242.7 256 73.4 86.6c-12.5-12.5-12.5-32.8 0-45.3s32.8-12.5 45.3 0l192 192z\"\/><\/svg><\/g><\/defs><\/svg><ul class=\"stk-block-icon-list__ul stk-block-icon-list--column\">\n<li class=\"wp-block-stackable-icon-list-item stk-block-icon-list-item stk-block stk-677359c\" data-block-id=\"677359c\"><style>.stk-677359c .stk-block-icon-list-item__text{font-size:16px !important;}@media screen and (max-width: 1023px){.stk-677359c .stk-block-icon-list-item__text{font-size:16px !important;}}<\/style><div class=\"stk-block-icon-list-item__content\"><span class=\"stk--svg-wrapper\"><div class=\"stk--inner-svg\"><svg aria-hidden=\"true\" width=\"32\" height=\"32\"><use xlink:href=\"#stk-icon-list__icon-svg-def-38ea984\"><\/use><\/svg><\/div><\/span><span class=\"stk-block-icon-list-item__text\">Conqu\u00e9rir des march\u00e9s en France&nbsp;:&nbsp;assurances sant\u00e9, entreprises grands comptes.<\/span><\/div><\/li>\n\n\n\n<li class=\"wp-block-stackable-icon-list-item stk-block-icon-list-item stk-block stk-fca93b4\" data-block-id=\"fca93b4\"><style>.stk-fca93b4 .stk-block-icon-list-item__text{font-size:16px !important;}@media screen and (max-width: 1023px){.stk-fca93b4 .stk-block-icon-list-item__text{font-size:16px !important;}}<\/style><div class=\"stk-block-icon-list-item__content\"><span class=\"stk--svg-wrapper\"><div class=\"stk--inner-svg\"><svg aria-hidden=\"true\" width=\"32\" height=\"32\"><use xlink:href=\"#stk-icon-list__icon-svg-def-38ea984\"><\/use><\/svg><\/div><\/span><span class=\"stk-block-icon-list-item__text\">Proposer nos licences et notre outil applicatif bien-\u00eatre destin\u00e9 \u00e0 aider au sevrage au tabac ce, avant, pendant et apr\u00e8s notre \u00e9tude clinique justifiant de la preuve scientifique de l&rsquo;efficacit\u00e9 de la th\u00e9rapie digitale, ce qui permettra son remboursement par les autorit\u00e9s publics (assurance maladie). <\/span><\/div><\/li>\n\n\n\n<li class=\"wp-block-stackable-icon-list-item stk-block-icon-list-item stk-block stk-1036eb8\" data-block-id=\"1036eb8\"><style>.stk-1036eb8 .stk-block-icon-list-item__text{font-size:16px !important;}@media screen and (max-width: 1023px){.stk-1036eb8 .stk-block-icon-list-item__text{font-size:16px !important;}}<\/style><div class=\"stk-block-icon-list-item__content\"><span class=\"stk--svg-wrapper\"><div class=\"stk--inner-svg\"><svg aria-hidden=\"true\" width=\"32\" height=\"32\"><use xlink:href=\"#stk-icon-list__icon-svg-def-38ea984\"><\/use><\/svg><\/div><\/span><span class=\"stk-block-icon-list-item__text\">Mettre en place des partenariats strat\u00e9giques autour de notre \u00e9co syst\u00e8me.<\/span><\/div><\/li>\n<\/ul><\/div>\n\n\n\n<div class=\"wp-block-stackable-heading stk-block-heading stk-block-heading--v2 stk-block stk-81ac31a\" id=\"profil-recherche\" data-block-id=\"81ac31a\"><style>.stk-81ac31a .stk-block-heading__text{color:#1fa1b6 !important;}<\/style><h3 class=\"stk-block-heading__text has-text-color\">Profil recherch\u00e9<\/h3><\/div>\n\n\n\n<div class=\"wp-block-stackable-icon-list stk-block-icon-list stk-block stk-f676d66\" data-block-id=\"f676d66\"><style>.stk-f676d66 {--stk-icon-list-row-gap:5px !important;--stk-icon-list-marker-color:#1fa1b6 !important;margin-bottom:var(--stk--preset--spacing--50, min(4rem, 7vw)) !important;}.stk-f676d66 .stk-block-icon-list-item__content{align-items:baseline !important;}.stk-f676d66 ul .stk-block-icon-list-item__content .stk--inner-svg, .stk-f676d66 ol .stk-block-icon-list-item__content .stk-block-icon-list-item__marker{transform:translateY(3px) !important;}.stk-f676d66 ul li, .stk-f676d66 ol li, .stk-f676d66 ul li span, .stk-f676d66 ol li span{font-size:16px !important;}@media screen and (max-width: 1023px){.stk-f676d66 ul li, .stk-f676d66 ol li, .stk-f676d66 ul li span, .stk-f676d66 ol li span{font-size:16px !important;}}<\/style><svg style=\"display:none\"><defs><g id=\"stk-icon-list__icon-svg-def-f676d66\"><svg xmlns=\"http:\/\/www.w3.org\/2000\/svg\" viewbox=\"0 0 320 512\"><path d=\"M310.6 233.4c12.5 12.5 12.5 32.8 0 45.3l-192 192c-12.5 12.5-32.8 12.5-45.3 0s-12.5-32.8 0-45.3L242.7 256 73.4 86.6c-12.5-12.5-12.5-32.8 0-45.3s32.8-12.5 45.3 0l192 192z\"\/><\/svg><\/g><\/defs><\/svg><ul class=\"stk-block-icon-list__ul stk-block-icon-list--column\">\n<li class=\"wp-block-stackable-icon-list-item stk-block-icon-list-item stk-block stk-01035f6\" data-block-id=\"01035f6\"><style>.stk-01035f6 .stk-block-icon-list-item__text{font-size:16px !important;}@media screen and (max-width: 1023px){.stk-01035f6 .stk-block-icon-list-item__text{font-size:16px !important;}}<\/style><div class=\"stk-block-icon-list-item__content\"><span class=\"stk--svg-wrapper\"><div class=\"stk--inner-svg\"><svg aria-hidden=\"true\" width=\"32\" height=\"32\"><use xlink:href=\"#stk-icon-list__icon-svg-def-f676d66\"><\/use><\/svg><\/div><\/span><span class=\"stk-block-icon-list-item__text\">Vous \u00eates en formation type \u00e9cole de commerce et recherchez un stage.<\/span><\/div><\/li>\n\n\n\n<li class=\"wp-block-stackable-icon-list-item stk-block-icon-list-item stk-block stk-34da0bb\" data-block-id=\"34da0bb\"><style>.stk-34da0bb .stk-block-icon-list-item__text{font-size:16px !important;}@media screen and (max-width: 1023px){.stk-34da0bb .stk-block-icon-list-item__text{font-size:16px !important;}}<\/style><div class=\"stk-block-icon-list-item__content\"><span class=\"stk--svg-wrapper\"><div class=\"stk--inner-svg\"><svg aria-hidden=\"true\" width=\"32\" height=\"32\"><use xlink:href=\"#stk-icon-list__icon-svg-def-f676d66\"><\/use><\/svg><\/div><\/span><span class=\"stk-block-icon-list-item__text\">Vous \u00eates ambitieux et souhaitez \u00e9voluer dans une startup \u00e0 fort impact et \u00e9volution rapide.<\/span><\/div><\/li>\n\n\n\n<li class=\"wp-block-stackable-icon-list-item stk-block-icon-list-item stk-block stk-0d7d7aa\" data-block-id=\"0d7d7aa\"><style>.stk-0d7d7aa .stk-block-icon-list-item__text{font-size:16px !important;}@media screen and (max-width: 1023px){.stk-0d7d7aa .stk-block-icon-list-item__text{font-size:16px !important;}}<\/style><div class=\"stk-block-icon-list-item__content\"><span class=\"stk--svg-wrapper\"><div class=\"stk--inner-svg\"><svg aria-hidden=\"true\" width=\"32\" height=\"32\"><use xlink:href=\"#stk-icon-list__icon-svg-def-f676d66\"><\/use><\/svg><\/div><\/span><span class=\"stk-block-icon-list-item__text\">Vous \u00eates accrocheur et ne vous laissez pas impressionn\u00e9 par vos interlocuteurs.<\/span><\/div><\/li>\n\n\n\n<li class=\"wp-block-stackable-icon-list-item stk-block-icon-list-item stk-block stk-124869c\" data-block-id=\"124869c\"><style>.stk-124869c .stk-block-icon-list-item__text{font-size:16px !important;}@media screen and (max-width: 1023px){.stk-124869c .stk-block-icon-list-item__text{font-size:16px !important;}}<\/style><div class=\"stk-block-icon-list-item__content\"><span class=\"stk--svg-wrapper\"><div class=\"stk--inner-svg\"><svg aria-hidden=\"true\" width=\"32\" height=\"32\"><use xlink:href=\"#stk-icon-list__icon-svg-def-f676d66\"><\/use><\/svg><\/div><\/span><span class=\"stk-block-icon-list-item__text\">Vous avez une app\u00e9tence dans les domaines de la sant\u00e9 mentale et du num\u00e9rique.&nbsp;<\/span><\/div><\/li>\n\n\n\n<li class=\"wp-block-stackable-icon-list-item stk-block-icon-list-item stk-block stk-8169cd7\" data-block-id=\"8169cd7\"><div class=\"stk-block-icon-list-item__content\"><span class=\"stk--svg-wrapper\"><div class=\"stk--inner-svg\"><svg aria-hidden=\"true\" width=\"32\" height=\"32\"><use xlink:href=\"#stk-icon-list__icon-svg-def-f676d66\"><\/use><\/svg><\/div><\/span><span class=\"stk-block-icon-list-item__text\">Une exp\u00e9rience dans le BtoB serait un plus&nbsp;!<\/span><\/div><\/li>\n<\/ul><\/div>\n\n\n\n<div class=\"wp-block-stackable-heading stk-block-heading stk-block-heading--v2 stk-block stk-a6fe447\" id=\"les-plus\" data-block-id=\"a6fe447\"><style>.stk-a6fe447 .stk-block-heading__text{color:#1fa1b6 !important;}<\/style><h3 class=\"stk-block-heading__text has-text-color\">Les plus<\/h3><\/div>\n\n\n\n<div class=\"wp-block-stackable-icon-list stk-block-icon-list stk-block stk-8f04a71\" data-block-id=\"8f04a71\"><style>.stk-8f04a71 {--stk-icon-list-row-gap:5px !important;--stk-icon-list-marker-color:#1fa1b6 !important;margin-bottom:var(--stk--preset--spacing--50, min(4rem, 7vw)) !important;}.stk-8f04a71 .stk-block-icon-list-item__content{align-items:baseline !important;}.stk-8f04a71 ul .stk-block-icon-list-item__content .stk--inner-svg, .stk-8f04a71 ol .stk-block-icon-list-item__content .stk-block-icon-list-item__marker{transform:translateY(3px) !important;}.stk-8f04a71 ul li, .stk-8f04a71 ol li, .stk-8f04a71 ul li span, .stk-8f04a71 ol li span{font-size:16px !important;}@media screen and (max-width: 1023px){.stk-8f04a71 ul li, .stk-8f04a71 ol li, .stk-8f04a71 ul li span, .stk-8f04a71 ol li span{font-size:16px !important;}}<\/style><svg style=\"display:none\"><defs><g id=\"stk-icon-list__icon-svg-def-8f04a71\"><svg xmlns=\"http:\/\/www.w3.org\/2000\/svg\" viewbox=\"0 0 320 512\"><path d=\"M310.6 233.4c12.5 12.5 12.5 32.8 0 45.3l-192 192c-12.5 12.5-32.8 12.5-45.3 0s-12.5-32.8 0-45.3L242.7 256 73.4 86.6c-12.5-12.5-12.5-32.8 0-45.3s32.8-12.5 45.3 0l192 192z\"\/><\/svg><\/g><\/defs><\/svg><ul class=\"stk-block-icon-list__ul stk-block-icon-list--column\">\n<li class=\"wp-block-stackable-icon-list-item stk-block-icon-list-item stk-block stk-487c94f\" data-block-id=\"487c94f\"><style>.stk-487c94f .stk-block-icon-list-item__text{font-size:16px !important;}@media screen and (max-width: 1023px){.stk-487c94f .stk-block-icon-list-item__text{font-size:16px !important;}}<\/style><div class=\"stk-block-icon-list-item__content\"><span class=\"stk--svg-wrapper\"><div class=\"stk--inner-svg\"><svg aria-hidden=\"true\" width=\"32\" height=\"32\"><use xlink:href=\"#stk-icon-list__icon-svg-def-8f04a71\"><\/use><\/svg><\/div><\/span><span class=\"stk-block-icon-list-item__text\">Tr\u00e8s bonne mutuelle sant\u00e9<\/span><\/div><\/li>\n\n\n\n<li class=\"wp-block-stackable-icon-list-item stk-block-icon-list-item stk-block stk-7fc6a64\" data-block-id=\"7fc6a64\"><style>.stk-7fc6a64 .stk-block-icon-list-item__text{font-size:16px !important;}@media screen and (max-width: 1023px){.stk-7fc6a64 .stk-block-icon-list-item__text{font-size:16px !important;}}<\/style><div class=\"stk-block-icon-list-item__content\"><span class=\"stk--svg-wrapper\"><div class=\"stk--inner-svg\"><svg aria-hidden=\"true\" width=\"32\" height=\"32\"><use xlink:href=\"#stk-icon-list__icon-svg-def-8f04a71\"><\/use><\/svg><\/div><\/span><span class=\"stk-block-icon-list-item__text\">Horaires flexibles (dans la mesure de son activit\u00e9)<\/span><\/div><\/li>\n\n\n\n<li class=\"wp-block-stackable-icon-list-item stk-block-icon-list-item stk-block stk-5555281\" data-block-id=\"5555281\"><style>.stk-5555281 .stk-block-icon-list-item__text{font-size:16px !important;}@media screen and (max-width: 1023px){.stk-5555281 .stk-block-icon-list-item__text{font-size:16px !important;}}<\/style><div class=\"stk-block-icon-list-item__content\"><span class=\"stk--svg-wrapper\"><div class=\"stk--inner-svg\"><svg aria-hidden=\"true\" width=\"32\" height=\"32\"><use xlink:href=\"#stk-icon-list__icon-svg-def-8f04a71\"><\/use><\/svg><\/div><\/span><span class=\"stk-block-icon-list-item__text\">Prise en charge transport en commun 50%<\/span><\/div><\/li>\n\n\n\n<li class=\"wp-block-stackable-icon-list-item stk-block-icon-list-item stk-block stk-1744219\" data-block-id=\"1744219\"><div class=\"stk-block-icon-list-item__content\"><span class=\"stk--svg-wrapper\"><div class=\"stk--inner-svg\"><svg aria-hidden=\"true\" width=\"32\" height=\"32\"><use xlink:href=\"#stk-icon-list__icon-svg-def-8f04a71\"><\/use><\/svg><\/div><\/span><span class=\"stk-block-icon-list-item__text\">1 jour de t\u00e9l\u00e9 travail par semaine<\/span><\/div><\/li>\n<\/ul><\/div>\n\n\n\n<div class=\"wp-block-stackable-text stk-block-text stk-block stk-1285607\" data-block-id=\"1285607\"><style>.stk-1285607 .stk-block-text__text{font-size:16px !important;}@media screen and (max-width: 1023px){.stk-1285607 .stk-block-text__text{font-size:16px !important;}}<\/style><p class=\"stk-block-text__text\"><strong><span style=\"color: #1fa1b6;\" class=\"stk-highlight\">Vous vous reconnaissez dans cette annonce, alors n&rsquo;h\u00e9sitez plus !<\/span><\/strong><br>Merci de nous adresser votre candidature par courriel : <a href=\"mailto:a.adda@klava-innovation.com\">a.adda@klava-innovation.com<\/a><\/p><\/div>\n\n\n\n<div class=\"wp-block-stackable-button-group alignwide stk-block-button-group stk-block stk-ef38560\" data-block-id=\"ef38560\"><style>.stk-ef38560 {margin-top:3rem !important;margin-bottom:var(u002du002dstku002du002dpresetu002du002dspacingu002du002d30, min(2rem, 5vw)) !important;margin-left:var(u002du002dstku002du002dpresetu002du002dspacingu002du002d30, min(2rem, 5vw)) !important;}<\/style><div class=\"stk-row stk-inner-blocks stk-block-content stk-button-group\">\n<div class=\"wp-block-stackable-button stk-block-button is-style-ghost stk-block stk-85a90e2\" data-block-id=\"85a90e2\"><style>.stk-85a90e2 .stk-button{padding-top:8px !important;padding-bottom:8px !important;background:transparent !important;}.stk-85a90e2 .stk-button:hover:after{background:transparent !important;opacity:1 !important;}:where(.stk-hover-parent:hover,  .stk-hover-parent.stk--is-hovered) .stk-85a90e2 .stk-button:after{background:transparent !important;opacity:1 !important;}.stk-85a90e2 .stk-button:before{border-style:solid !important;border-color:#545454 !important;}.stk-85a90e2 .stk-button .stk--inner-svg svg:last-child{transform:rotate(270deg) !important;}.stk-85a90e2 .stk-button .stk--inner-svg svg:last-child, .stk-85a90e2 .stk-button .stk--inner-svg svg:last-child :is(g, path, rect, polygon, ellipse){fill:#545454 !important;}.stk-85a90e2 .stk-button__inner-text{color:#1fa1b6 !important;}<\/style><a class=\"stk-link stk-button stk--hover-effect-lift\" href=\"https:\/\/klava-innovation.com\/en\/offres-demploi\/\"><span class=\"stk--svg-wrapper\"><div class=\"stk--inner-svg\"><svg xmlns=\"http:\/\/www.w3.org\/2000\/svg\" viewbox=\"0 0 384 512\" aria-hidden=\"true\" width=\"32\" height=\"32\"><path d=\"M214.6 9.4c-12.5-12.5-32.8-12.5-45.3 0l-128 128c-12.5 12.5-12.5 32.8 0 45.3s32.8 12.5 45.3 0L160 109.3V480c0 17.7 14.3 32 32 32s32-14.3 32-32V109.3l73.4 73.4c12.5 12.5 32.8 12.5 45.3 0s12.5-32.8 0-45.3l-128-128z\"><\/path><\/svg><\/div><\/span><span class=\"has-text-color stk-button__inner-text\">Retour<\/span><\/a><\/div>\n<\/div><\/div>","protected":false},"excerpt":{"rendered":"<p>21\/08\/2025 ContratStage Niveau d\u2019\u00e9tudesFormation commerciale P\u00e9riodeAvril 2026 REF \u00e0 pr\u00e9ciser \u00e0 votre candidatureKLAVA-RECRUT-BD Pr\u00e9sentation de l&rsquo;entreprise KLAVA Innovation est une entreprise MedTech\/DeepTech, bas\u00e9e en r\u00e9gion parisienne (Boulogne Billancourt, (92)), qui d\u00e9veloppe de nouvelles approches th\u00e9rapeutiques personnalis\u00e9es qui sont les th\u00e9rapies digitales. Par d\u00e9finition, les th\u00e9rapies digitales ou DTx \u00ab Digital Therapeutics \u00bb sont des interventions [&hellip;]<\/p>\n","protected":false},"author":1,"featured_media":0,"parent":0,"menu_order":0,"comment_status":"closed","ping_status":"closed","template":"","meta":{"footnotes":""},"class_list":["post-11373","page","type-page","status-publish","hentry"],"_links":{"self":[{"href":"https:\/\/klava-innovation.com\/en\/wp-json\/wp\/v2\/pages\/11373","targetHints":{"allow":["GET"]}}],"collection":[{"href":"https:\/\/klava-innovation.com\/en\/wp-json\/wp\/v2\/pages"}],"about":[{"href":"https:\/\/klava-innovation.com\/en\/wp-json\/wp\/v2\/types\/page"}],"author":[{"embeddable":true,"href":"https:\/\/klava-innovation.com\/en\/wp-json\/wp\/v2\/users\/1"}],"replies":[{"embeddable":true,"href":"https:\/\/klava-innovation.com\/en\/wp-json\/wp\/v2\/comments?post=11373"}],"version-history":[{"count":9,"href":"https:\/\/klava-innovation.com\/en\/wp-json\/wp\/v2\/pages\/11373\/revisions"}],"predecessor-version":[{"id":11418,"href":"https:\/\/klava-innovation.com\/en\/wp-json\/wp\/v2\/pages\/11373\/revisions\/11418"}],"wp:attachment":[{"href":"https:\/\/klava-innovation.com\/en\/wp-json\/wp\/v2\/media?parent=11373"}],"curies":[{"name":"wp","href":"https:\/\/api.w.org\/{rel}","templated":true}]}}