{"id":7051,"date":"2021-02-23T14:14:03","date_gmt":"2021-02-23T14:14:03","guid":{"rendered":"https:\/\/klava-innovation.com\/?page_id=7051"},"modified":"2025-07-30T10:25:13","modified_gmt":"2025-07-30T10:25:13","slug":"mentions-legales-politiques-confidentialites","status":"publish","type":"page","link":"https:\/\/klava-innovation.com\/en\/mentions-legales-politiques-confidentialites\/","title":{"rendered":"Legal Notice and Privacy Policy"},"content":{"rendered":"<div class=\"wp-block-cover alignfull has-custom-content-position is-position-center-left\" style=\"margin-bottom:var(--wp--preset--spacing--50);min-height:330px;aspect-ratio:unset;\"><span aria-hidden=\"true\" class=\"wp-block-cover__background has-primary-background-color has-background-dim-100 has-background-dim\"><\/span><div class=\"wp-block-cover__inner-container has-global-padding is-layout-constrained wp-block-cover-is-layout-constrained\">\n<div class=\"wp-block-stackable-heading stk-block-heading stk-block-heading--v2 stk-block stk-9763255\" id=\"mentions-legales-et-politique-de-confidentialite\" data-block-id=\"9763255\"><style>.stk-9763255 {padding-left:var(--stk--preset--spacing--30, min(2rem, 5vw)) !important;}<\/style><h2 class=\"stk-block-heading__text\">Legal Notice and Privacy Policy<\/h2><\/div>\n<\/div><\/div>\n\n\n\n<div class=\"wp-block-group alignwide is-vertical is-layout-flex wp-container-core-group-is-layout-d702e931 wp-block-group-is-layout-flex\" style=\"padding-right:var(--wp--preset--spacing--50);padding-left:var(--wp--preset--spacing--50)\">\n<div class=\"wp-block-stackable-heading stk-block-heading stk-block-heading--v2 stk-block stk-411f6eb\" id=\"mentions-legales\" data-block-id=\"411f6eb\"><style>.stk-411f6eb .stk-block-heading__text{color:#1fa1b6 !important;}<\/style><h3 class=\"stk-block-heading__text has-text-color\">Mentions L\u00e9gales<\/h3><\/div>\n\n\n\n<div class=\"wp-block-stackable-text stk-block-text stk-block stk-119e182\" data-block-id=\"119e182\"><style>.stk-119e182 {margin-bottom:40px !important;}.stk-119e182 .stk-block-text__text{font-size:18px !important;}@media screen and (max-width: 1023px){.stk-119e182 .stk-block-text__text{font-size:18px !important;}}<\/style><p class=\"stk-block-text__text\"><strong>Soci\u00e9t\u00e9 par actions simplifi\u00e9e<\/strong> au capital de 39 000 euros<br><strong>Num\u00e9ro d&rsquo;immatriculation RCS :<\/strong> 893 532 044 Nanterre<br><strong>Code APE-NAF (entreprise) :<\/strong> 6201Z<br><strong>Si\u00e8ge social :<\/strong> 29, rue d&rsquo;Aguesseau &#8211; 92100 Boulogne Billancourt<br><br><strong>Pr\u00e9sident : <\/strong>Didier Adda<br><strong>Responsable publication : <\/strong>Alexia Adda<\/p><\/div>\n\n\n\n<div class=\"wp-block-stackable-text stk-block-text stk-block stk-e5bd54b\" data-block-id=\"e5bd54b\"><style>.stk-e5bd54b {margin-bottom:40px !important;}.stk-e5bd54b .stk-block-text__text{font-size:18px !important;}@media screen and (max-width: 1023px){.stk-e5bd54b .stk-block-text__text{font-size:18px !important;}}<\/style><p class=\"stk-block-text__text has-text-align-justify\">KLAVA a ouvert ce site \u00e0 titre d&rsquo;information personnelle pour ses utilisateurs. Aucune utilisation commerciale, m\u00eame partielle, des donn\u00e9es pr\u00e9sent\u00e9es sur ce site ne peut \u00eatre faite sans l&rsquo;accord \u00e9crit pr\u00e9alable de KLAVA.<br><br>La pr\u00e9sentation et le contenu de ce site constituent ensemble une \u0153uvre prot\u00e9g\u00e9e par les lois en vigueur sur la propri\u00e9t\u00e9 intellectuelle, dont KLAVA est propri\u00e9taire. Aucune reproduction et\/ou repr\u00e9sentation, partielle ou int\u00e9grale, ne peut \u00eatre faite sans l&rsquo;accord pr\u00e9alable \u00e9crit de KLAVA. Le nom KLAVA, le logo KLAVA, les noms des produits de sa gamme et les slogans sont, sauf indication contraire, des marques d\u00e9pos\u00e9es de KLAVA. Toute reproduction, utilisation et\/ou modification effectu\u00e9e sans l&rsquo;accord \u00e9crit pr\u00e9alable de KLAVA est susceptible de constituer une contrefa\u00e7on.<br><br>Les dessins, photographies, images, textes, s\u00e9quences anim\u00e9es avec ou sans son, et autres documents repr\u00e9sent\u00e9s sur ce site web sont soumis \u00e0 des droits de propri\u00e9t\u00e9 industrielle et\/ou intellectuelle et sont, selon le cas, la propri\u00e9t\u00e9 de KLAVA ou de tiers qui ont donn\u00e9 \u00e0 KLAVA une autorisation limit\u00e9e pour les utiliser.<br><br>\u00c0 ce titre, toute reproduction, repr\u00e9sentation, adaptation, traduction et\/ou transformation, partielle ou totale, ou transfert vers un autre site, est interdite. La copie \u00e0 usage priv\u00e9 de ces diff\u00e9rents objets de droits est autoris\u00e9e. Leur reproduction, partielle ou totale, sans l&rsquo;accord \u00e9crit pr\u00e9alable de KLAVA, est strictement interdite, \u00e0 l&rsquo;exception de la reproduction \u00e0 des fins de presse.<br><br>Les informations contenues dans ce site web ne sont pas contractuellement contraignantes pour KLAVA.<\/p><\/div>\n\n\n\n<div class=\"wp-block-stackable-text stk-block-text stk-block stk-acb9373\" data-block-id=\"acb9373\"><style>.stk-acb9373 {margin-bottom:40px !important;}.stk-acb9373 .stk-block-text__text{font-size:18px !important;}@media screen and (max-width: 1023px){.stk-acb9373 .stk-block-text__text{font-size:18px !important;}}<\/style><p class=\"stk-block-text__text has-text-align-justify\"><strong><span style=\"color: #1fa1b6;\" class=\"stk-highlight\">Ce site est h\u00e9berg\u00e9 sur les serveurs de la soci\u00e9t\u00e9 1&amp;1 IONOS :<br><\/span><\/strong><br>1&amp;1 IONOS<br>7 PL DE LA GARE,<br>57200 SARREGUEMINES<br><br><strong>Liens hypertextes externes :<\/strong><br>Les liens mis en place \u00e0 partir du site web de KLAVA vers des sites externes n&rsquo;engagent pas la responsabilit\u00e9 de KLAVA, notamment en ce qui concerne le contenu de ces sites, mais \u00e9galement en ce qui concerne les risques techniques. En acceptant d&rsquo;utiliser un lien hypertexte pour acc\u00e9der \u00e0 un site externe, vous acceptez d&rsquo;assumer les risques et de subir tout dommage direct ou indirect.<br><br>KLAVA n&rsquo;est pas responsable des liens hypertextes qui pourraient pointer vers son site. Elle interdit la cr\u00e9ation de tels liens sans son accord \u00e9crit pr\u00e9alable.<br><br><strong>Cookies :<\/strong><br>Les utilisateurs du site web sont inform\u00e9s que lors de l&rsquo;acc\u00e8s aux services de KLAVA, des informations peuvent \u00eatre temporairement stock\u00e9es dans la m\u00e9moire ou sur leur disque dur. Les utilisateurs du site reconnaissent avoir \u00e9t\u00e9 inform\u00e9s et acceptent cette pratique.<\/p><\/div>\n\n\n\n<p><span style=\"color: #1fa1b6;\"><strong>Politique de Protection des Donn\u00e9es<\/strong><\/span><\/p>\n<p>Notre volont\u00e9 est de faire b\u00e9n\u00e9ficier \u00e0 l\u2019utilisateur du meilleur service en lui assurant la plus grande protection. Dans le cadre de l\u2019application du R\u00e8glement (UE) G\u00e9n\u00e9ral sur la Protection des Donn\u00e9es 2016\/679 et de la loi Informatique et Libert\u00e9s du 6 janvier 1978 modifi\u00e9e, cette Politique de protection de donn\u00e9es \u00e0 caract\u00e8re personnel (Ci-apr\u00e8s la \u00ab\u00a0Politique\u00a0\u00bb) a pour but de vous informer sur la mani\u00e8re dont vos donn\u00e9es \u00e0 caract\u00e8re personnel peuvent \u00eatre trait\u00e9es lors de l\u2019utilisation de l\u2019application Quitoxil \u00bb (Ci-apr\u00e8s l\u2019\u00abapplication\u00bb) et lors de l\u2019utilisation des services qui y sont fournis.<\/p>\n<ol>\n<li><strong> Qu\u2019est-ce qu\u2019une donn\u00e9e personnelle ?<\/strong><\/li>\n<\/ol>\n<p>Une \u00ab\u00a0donn\u00e9e \u00e0 caract\u00e8re personnel\u00a0\u00bb ou \u00ab\u00a0donn\u00e9e personnelle\u00a0\u00bb est toute information se rapportant directement ou indirectement \u00e0 une personne physique identifi\u00e9e ou identifiable. Ainsi, un nom, une adresse postale ou \u00e9lectronique, un num\u00e9ro de t\u00e9l\u00e9phone, ou encore une adresse IP sont par exemple des donn\u00e9es personnelles.<\/p>\n<ol start=\"2\">\n<li><strong> Garanties l\u00e9gales\u00a0?<\/strong><\/li>\n<\/ol>\n<p>Le traitement des donn\u00e9es personnelles repose sur le consentement des utilisateurs. Elles sont trait\u00e9es par une personne morale, la soci\u00e9t\u00e9 KLAVA, soci\u00e9t\u00e9 par actions simplifi\u00e9e, 29 rue d\u2019Aguesseau, 92100 Boulogne Billancourt, inscrite au RCS de Nanterre sous le num\u00e9ro B893532044.<\/p>\n<p>La soci\u00e9t\u00e9 KLAVA est dite responsable du traitement, c\u2019est-\u00e0-dire que c\u2019est l\u2019organisme qui fixe les objectifs et les modalit\u00e9s de traitement des donn\u00e9es personnelles relatives aux personnes concern\u00e9es.<\/p>\n<p>En vertu du R\u00e8glement (UE) 2016\/679 du Parlement europ\u00e9en et du Conseil du 27 avril 2016 relatif \u00e0 la protection des personnes physiques \u00e0 l&rsquo;\u00e9gard du traitement des donn\u00e9es \u00e0 caract\u00e8re personnel et \u00e0 la libre circulation de ces donn\u00e9es (RGPD), l\u2019utilisateur dispose d\u2019un droit d\u2019acc\u00e8s, de rectification, d\u2019effacement, d\u2019oubli et droit \u00e0 la portabilit\u00e9 de toutes donn\u00e9es nominatives le concernant stock\u00e9es par l\u2019application QUITOXIL. Il dispose en outre d\u2019un droit de limitation et d\u2019opposition du traitement des donn\u00e9es nominatives.<\/p>\n<p>En cas de probl\u00e8me quelconque, il convient de contacter le Responsable du Traitement des Donn\u00e9es par mail \u00e0 l\u2019adresse suivante : <a href=\"mailto:support@klava-innovation.com\">support@klava-innovation.com<\/a><\/p>\n<p style=\"text-align: left;\">KLAVA Innovation sous-traite l\u2019h\u00e9bergement et le stockage de ses donn\u00e9es personnelles. Ces donn\u00e9es sont stock\u00e9es par la Soci\u00e9t\u00e9 Amazon AWS. Les conditions de traitement des donn\u00e9es par la Soci\u00e9t\u00e9 Amazon AWS sont disponibles sur le site <a href=\"https:\/\/aws.amazon.com\/fr\/\">https:\/\/aws.amazon.com\/fr\/<\/a>.<\/p>\n<p>Conform\u00e9ment au R\u00e8glement (UE) 2016\/679 du Parlement europ\u00e9en et du Conseil du 27 avril 2016 relatif \u00e0 la protection des personnes physiques \u00e0 l&rsquo;\u00e9gard du traitement des donn\u00e9es \u00e0 caract\u00e8re personnel et \u00e0 la libre circulation de ces donn\u00e9es (RGPD), la Soci\u00e9t\u00e9 s\u2019engage \u00e0 traiter les donn\u00e9es personnelles recueillies uniquement pour la ou les seule(s) finalit\u00e9(s) qui fait\/font l\u2019objet de l\u2019activit\u00e9 de l\u2019application QUITOXIL.<\/p>\n<ol start=\"3\">\n<li><strong> Quand des donn\u00e9es personnelles sont-elles trait\u00e9es\u00a0? Pourquoi sont-elles utilis\u00e9es par la soci\u00e9t\u00e9 KLAVA Innovation\u00a0? Qui peut acc\u00e9der aux donn\u00e9es personnelles\u00a0vous concernant\u00a0?<\/strong><\/li>\n<\/ol>\n<p>En fonction de la fa\u00e7on dont vous interagissez avec la soci\u00e9t\u00e9 KLAVA, cette derni\u00e8re est susceptible de collecter vos donn\u00e9es personnelles selon les modalit\u00e9s d\u00e9crites infra.<\/p>\n<p>Vos donn\u00e9es \u00e0 caract\u00e8re personnel sont collect\u00e9es lors du parcours d\u2019inscription et lors de la navigation sur le site afin de vous permettre de cr\u00e9er, de g\u00e9rer, d\u2019utiliser votre compte et de b\u00e9n\u00e9ficier de ses services. Elles sont n\u00e9cessaires \u00e0 l\u2019ex\u00e9cution des Conditions G\u00e9n\u00e9rales de Services de la soci\u00e9t\u00e9 KLAVA.<\/p>\n<p>Sauf contractualisation bipartite, les emails des utilisateurs ne seront jamais communiqu\u00e9s \u00e0 d\u2019autres utilisateurs. L\u2019adresse email des Utilisateurs serviront \u00e0 KLAVA pour leur envoyer des notifications et des informations ainsi qu\u2019un questionnaire de satisfaction sur l\u2019utilisation d\u2019un tel outil.<\/p>\n<p>Sur la base de l\u2019int\u00e9r\u00eat l\u00e9gitime de la soci\u00e9t\u00e9 KLAVA de promouvoir ses services aupr\u00e8s des patients, vos donn\u00e9es \u00e0 caract\u00e8re personnel peuvent \u00eatre transmises \u00e0 votre professionnel de sant\u00e9 si vous le souhaitez. Vous pouvez \u00e0 tout moment envoyer \u00e0 votre professionnel de sant\u00e9, dans l\u2019onglet \u00ab r\u00e9sultats de bilans de sant\u00e9\u00a0\u00bb, pour qu\u2019il puisse \u00e9valuer votre prise en charge.<\/p>\n<p>Seuls ont acc\u00e8s aux donn\u00e9es \u00e0 caract\u00e8re personnel vous concernant, dans la limite de leurs attributions respectives, les collaborateurs internes de la soci\u00e9t\u00e9 KLAVA ainsi que les organismes de recherche habilit\u00e9s par cette derni\u00e8re.<\/p>\n<ol start=\"4\">\n<li><strong> Inscription sur l\u2019application <\/strong><\/li>\n<\/ol>\n<p>L\u2019inscription est r\u00e9serv\u00e9e aux utilisateurs qui envisagent de diminuer voire d\u2019arr\u00eater leurs consommations et qui remplissent volontairement les renseignements n\u00e9cessaires \u00e0 l\u2019inscription. Aucune information n\u2019est rendue publique. Les personnes inscrites sur l\u2019application sont anonymis\u00e9es par leur nom et pr\u00e9nom.<\/p>\n<ol start=\"5\">\n<li><strong> R\u00e9ception des notifications et SMS<\/strong><\/li>\n<\/ol>\n<p>KLAVA propose aux Utilisateurs de recevoir des notifications par email apr\u00e8s la validation de leur inscription. L\u2019Utilisateur peut \u00e9galement recevoir apr\u00e8s quelques jours d\u2019utilisation de l\u2019application, un questionnaire qui vise \u00e0 juger de la faisabilit\u00e9 de Quitoxil.<\/p>\n<ol start=\"6\">\n<li><strong> Quelle est la dur\u00e9e de conservation des donn\u00e9es personnelles\u00a0?<\/strong><\/li>\n<\/ol>\n<p>La dur\u00e9e de conservation des donn\u00e9es \u00e0 caract\u00e8re personnel vous concernant varie selon la finalit\u00e9 du traitement mise en \u0153uvre par la soci\u00e9t\u00e9 KLAVA\u00a0;<\/p>\n<p>La dur\u00e9e de conversation des donn\u00e9es \u00e0 caract\u00e8re personnel recueillies par l\u2019application seront conserv\u00e9es pendant 5 ann\u00e9es afin de permettre l\u2019am\u00e9lioration continue de l\u2019application sur cette p\u00e9riode. Toutes ces donn\u00e9es seront supprim\u00e9es apr\u00e8s cette dur\u00e9e.<\/p>\n<p>Par ailleurs, l\u2019utilisateur sera inform\u00e9 de tout le processus de collecte et de traitement de ses donn\u00e9es avant de donner son consentement au d\u00e9but du formulaire de configuration.<\/p>\n<ol start=\"7\">\n<li><strong> Quels sont vos droits sur les donn\u00e9es \u00e0 caract\u00e8re personnel\u00a0vous concernant\u00a0? Comment pouvez-vous les exercer\u00a0?<\/strong><\/li>\n<\/ol>\n<p>Conform\u00e9ment \u00e0 la r\u00e9glementation en vigueur et dans les conditions qu\u2019elle d\u00e9finit, vous disposez de droits (droit d\u2019acc\u00e8s, droit de rectification, droit \u00e0 l\u2019effacement, droit d\u2019opposition, droit \u00e0 la limitation du traitement, droit \u00e0 la portabilit\u00e9) sur les donn\u00e9es personnelles vous concernant.<\/p>\n<p>Ces droits peuvent \u00eatre directement exerc\u00e9s aupr\u00e8s de la Soci\u00e9t\u00e9 KLAVA \u00a0:<\/p>\n<ul>\n<li>par courrier \u00e9lectronique \u00e0 l\u2019adresse contact@klava-innovation.com<\/li>\n<li>par voie postale aux coordonn\u00e9es suivantes : KLAVA \u00a0\u2013 Protection des donn\u00e9es \u2013 29 Rue d\u2019Aguesseau, 92100 Boulogne Billancourt.<\/li>\n<\/ul>\n<p>La soci\u00e9t\u00e9 KLAVA dispose d\u2019un d\u00e9lai d\u2019un mois \u00e0 compter de la r\u00e9ception de la demande pour y r\u00e9pondre.<\/p>\n<p>Lorsque vos donn\u00e9es personnelles sont trait\u00e9es avec votre consentement, vous pouvez, \u00e0 tout moment, le r\u00e9voquer. Vous \u00eates cependant inform\u00e9s que les traitements mis en \u0153uvre ant\u00e9rieurement \u00e0 cette r\u00e9vocation demeureront valables.<\/p>\n<p>La soci\u00e9t\u00e9 KLAVA apporte la plus grande attention \u00e0 vos donn\u00e9es \u00e0 caract\u00e8re personnel. N\u00e9anmoins si vous consid\u00e9rez que leur traitement porte atteinte \u00e0 vos droits, vous disposez de la facult\u00e9 d\u2019introduire une r\u00e9clamation aupr\u00e8s de la Commission nationale de l\u2019informatique et des libert\u00e9s (Cnil) \u2013 3 Place de Fontenoy \u2013 TSA 80715 \u2013 75334 PARIS CEDEX 07.<\/p>\n<ul>\n<li>Identification des donn\u00e9es trait\u00e9es \u00e0 l\u2019inscription\u00a0:<\/li>\n<\/ul>\n<ul>\n<li>Donn\u00e9es personnelles \u00e0 l\u2019inscription\u00a0:\n<ul>\n<li>Nom<\/li>\n<li>Pr\u00e9nom<\/li>\n<li>Age<\/li>\n<li>Sexe<\/li>\n<\/ul>\n<\/li>\n<\/ul>\n<ul>\n<li>Objectifs :\n<ul>\n<li>Principaux objectifs<\/li>\n<li>Fr\u00e9quence(s) et horaire(s) pour effectuer un bilan de sant\u00e9<\/li>\n<li>Rappels<\/li>\n<\/ul>\n<\/li>\n<\/ul>\n<ul>\n<li>Informations m\u00e9dicales\n<ul>\n<li>Traitements<\/li>\n<li>Ant\u00e9c\u00e9dents familiaux<\/li>\n<li>Ant\u00e9c\u00e9dents m\u00e9dicaux personnels<\/li>\n<li>Autre(s) addiction(s)<\/li>\n<\/ul>\n<\/li>\n<\/ul>\n<ul>\n<li>Identification des donn\u00e9es trait\u00e9es lors de l\u2019application\n<ul>\n<li>Information sur l\u2019\u00e9valuation\n<ul>\n<li>Suivi de sympt\u00f4mes<\/li>\n<li>Craving<\/li>\n<li>Rechute(s)<\/li>\n<\/ul>\n<\/li>\n<\/ul>\n<\/li>\n<\/ul>\n<ul>\n<li>Information sur les r\u00e9compenses\n<ul>\n<li>Dur\u00e9e d\u2019abstinence<\/li>\n<li>Somme d\u2019argent \u00e9conomis\u00e9<\/li>\n<\/ul>\n<\/li>\n<\/ul>\n<ul>\n<li>Alerte craving\n<ul>\n<li>Fr\u00e9quence d\u2019utilisation de \u00ab\u00a0l\u2019alerte craving\u00a0\u00bb.<\/li>\n<\/ul>\n<\/li>\n<\/ul>\n<p>\u00a0<\/p>\n<p><span style=\"color: #1fa1b6;\"><strong>Propri\u00e9t\u00e9 intellectuelle<\/strong><\/span><\/p>\n<p>L&rsquo;ensemble du site et chacun de ses \u00e9l\u00e9ments pris s\u00e9par\u00e9ment rel\u00e8vent de la l\u00e9gislation fran\u00e7aise et internationale sur le droit d&rsquo;auteur et plus largement de la propri\u00e9t\u00e9 intellectuelle (incluant notamment la protection au titre du droit d&rsquo;auteur, du droit des marques, du droit des bases de donn\u00e9es, des r\u00e8gles de concurrence d\u00e9loyale etc\u2026). La reproduction de tout ou partie de cette application quel qu&rsquo;il soit est formellement interdite sauf autorisation expresse de KLAVA . Seule la reproduction papier est autoris\u00e9e, sous condition d&rsquo;une utilisation \u00e0 des fins strictement personnelles, du respect de l&rsquo;int\u00e9grit\u00e9 des documents reproduits, ou en courte citation avec mention claire et lisible de la source, par exemple sous la forme suivante \u00ab\u00a0Source : KLAVA-INNOVATION-doc.com, tous droits r\u00e9serv\u00e9s\u00a0\u00bb.<\/p>\n<\/div>","protected":false},"excerpt":{"rendered":"<p>Mentions L\u00e9gales Soci\u00e9t\u00e9 par actions simplifi\u00e9e au capital de 39 000 eurosNum\u00e9ro d&rsquo;immatriculation RCS : 893 532 044 NanterreCode APE-NAF (entreprise) : 6201ZSi\u00e8ge social : 29, rue d&rsquo;Aguesseau &#8211; 92100 Boulogne Billancourt Pr\u00e9sident : Didier AddaResponsable publication : Alexia Adda KLAVA a ouvert ce site \u00e0 titre d&rsquo;information personnelle pour ses utilisateurs. Aucune utilisation commerciale, [&hellip;]<\/p>\n","protected":false},"author":1,"featured_media":0,"parent":0,"menu_order":0,"comment_status":"closed","ping_status":"closed","template":"","meta":{"footnotes":""},"class_list":["post-7051","page","type-page","status-publish","hentry"],"_links":{"self":[{"href":"https:\/\/klava-innovation.com\/en\/wp-json\/wp\/v2\/pages\/7051","targetHints":{"allow":["GET"]}}],"collection":[{"href":"https:\/\/klava-innovation.com\/en\/wp-json\/wp\/v2\/pages"}],"about":[{"href":"https:\/\/klava-innovation.com\/en\/wp-json\/wp\/v2\/types\/page"}],"author":[{"embeddable":true,"href":"https:\/\/klava-innovation.com\/en\/wp-json\/wp\/v2\/users\/1"}],"replies":[{"embeddable":true,"href":"https:\/\/klava-innovation.com\/en\/wp-json\/wp\/v2\/comments?post=7051"}],"version-history":[{"count":36,"href":"https:\/\/klava-innovation.com\/en\/wp-json\/wp\/v2\/pages\/7051\/revisions"}],"predecessor-version":[{"id":10832,"href":"https:\/\/klava-innovation.com\/en\/wp-json\/wp\/v2\/pages\/7051\/revisions\/10832"}],"wp:attachment":[{"href":"https:\/\/klava-innovation.com\/en\/wp-json\/wp\/v2\/media?parent=7051"}],"curies":[{"name":"wp","href":"https:\/\/api.w.org\/{rel}","templated":true}]}}